{"id":11568,"date":"2024-01-25T04:53:49","date_gmt":"2024-01-25T04:53:49","guid":{"rendered":"https:\/\/www.the-bey.com\/kontakt\/"},"modified":"2025-10-22T19:33:59","modified_gmt":"2025-10-22T19:33:59","slug":"kontakt","status":"publish","type":"page","link":"https:\/\/www.the-bey.com\/de\/kontakt\/","title":{"rendered":"ber\u00fchrung"},"content":{"rendered":"\n<div class=\"gb-element-501b0368\">\n<div>\n<div class=\"gb-element-129cd584 sticky\">\n<figure class=\"wp-block-image size-full is-resized\"><img loading=\"lazy\" decoding=\"async\" width=\"696\" height=\"1010\" src=\"https:\/\/www.the-bey.com\/wp-content\/uploads\/2022\/02\/The-BEY.png\" alt=\"Logo der offizielle Bey\" class=\"wp-image-219\" style=\"width:158px;height:auto\" srcset=\"https:\/\/www.the-bey.com\/wp-content\/uploads\/2022\/02\/The-BEY.png 696w, https:\/\/www.the-bey.com\/wp-content\/uploads\/2022\/02\/The-BEY-694x1007.png 694w, https:\/\/www.the-bey.com\/wp-content\/uploads\/2022\/02\/The-BEY-207x300.png 207w\" sizes=\"auto, (max-width: 696px) 100vw, 696px\" \/><\/figure>\n\n\n\n<h1 class=\"gb-text gb-text-8a2ece64\">ber\u00fchrung<\/h1>\n\n\n\n<div class=\"gb-element-0536464b\">\n<p class=\"has-text-align-center\">Haben Sie Fragen oder m\u00f6chten Sie mehr \u00fcber unsere Produkte erfahren?<br\/>Schreiben. Bei <strong>The Bey<\/strong> freuen wir uns, von denen zu h\u00f6ren, die unsere Leidenschaft f\u00fcr Sorgfalt und Stil teilen.<\/p>\n<\/div>\n<\/div>\n<\/div>\n\n\n\n<div class=\"gb-element-f600c8bf\">\n<div class=\"gb-element-55626497\">\n<h3 class=\"gb-text\">Wenn Sie mehr Informationen haben m\u00f6chten oder \u00fcber eine m\u00f6gliche Zusammenarbeit sprechen oder einfach nur \u00fcber Ihre Ideen plaudern m\u00f6chten, bin ich ganz Ohr.<\/h3>\n\n\n\n<p class=\"gb-text\">Im <strong>The Bey<\/strong> kommt es auf jedes Detail an.<br>Sagen Sie uns, wie wir Ihnen helfen k\u00f6nnen, und unser Team wird mit der gleichen Hingabe reagieren, die wir in jedes Produkt stecken.<\/p>\n\n\n\n[contact-form-block name_label=&#8220;Name&#8220; email_label=&#8220;E-mail&#8220; message_label=&#8220;Message&#8220; header=&#8220;false&#8220; header_image_id=&#8220;null&#8220; header_image_size=&#8220;50&#8243; header_image_align=&#8220;left&#8220; header_title=&#8220;Get in Touch&#8220; header_text=&#8220;Leave your message and we&#8217;ll get back to you shortly.&#8220; button_text=&#8220;Send&#8220; button_color=&#8220;#3d84f6&#8243; button_text_color=&#8220;white&#8220; align=&#8220;undefined&#8220; theme=&#8220;default&#8220; message_rows=&#8220;5&#8243;][\/contact-form-block]\n<\/div>\n<\/div>\n<\/div>\n","protected":false},"excerpt":{"rendered":"<p>ber\u00fchrung Haben Sie Fragen oder m\u00f6chten Sie mehr \u00fcber unsere Produkte erfahren?Schreiben. Bei The Bey freuen wir uns, von denen zu h\u00f6ren, die unsere Leidenschaft f\u00fcr Sorgfalt und Stil teilen. Wenn Sie mehr Informationen haben m\u00f6chten oder \u00fcber eine m\u00f6gliche Zusammenarbeit sprechen oder einfach nur \u00fcber Ihre Ideen plaudern m\u00f6chten, bin ich ganz Ohr. Im &#8230; <a title=\"ber\u00fchrung\" class=\"read-more\" href=\"https:\/\/www.the-bey.com\/de\/kontakt\/\" aria-label=\"Mehr Informationen \u00fcber ber\u00fchrung\">Read more<\/a><\/p>\n","protected":false},"author":1,"featured_media":0,"parent":0,"menu_order":0,"comment_status":"closed","ping_status":"closed","template":"","meta":{"footnotes":""},"class_list":["post-11568","page","type-page","status-publish"],"yoast_head":"<!-- This site is optimized with the Yoast SEO Premium plugin v26.2 (Yoast SEO v27.3) - https:\/\/yoast.com\/product\/yoast-seo-premium-wordpress\/ -->\n<title>ber\u00fchrung - The Bey \u00ae<\/title>\n<meta name=\"robots\" content=\"index, follow, max-snippet:-1, max-image-preview:large, max-video-preview:-1\" \/>\n<link rel=\"canonical\" href=\"https:\/\/www.the-bey.com\/de\/kontakt\/\" \/>\n<meta property=\"og:locale\" content=\"de_DE\" \/>\n<meta property=\"og:type\" content=\"article\" \/>\n<meta property=\"og:title\" content=\"ber\u00fchrung\" \/>\n<meta property=\"og:description\" content=\"ber\u00fchrung Haben Sie Fragen oder m\u00f6chten Sie mehr \u00fcber unsere Produkte erfahren?Schreiben. Bei The Bey freuen wir uns, von denen zu h\u00f6ren, die unsere Leidenschaft f\u00fcr Sorgfalt und Stil teilen. Wenn Sie mehr Informationen haben m\u00f6chten oder \u00fcber eine m\u00f6gliche Zusammenarbeit sprechen oder einfach nur \u00fcber Ihre Ideen plaudern m\u00f6chten, bin ich ganz Ohr. Im ... Read more\" \/>\n<meta property=\"og:url\" content=\"https:\/\/www.the-bey.com\/de\/kontakt\/\" \/>\n<meta property=\"og:site_name\" content=\"The Bey \u00ae\" \/>\n<meta property=\"article:publisher\" content=\"https:\/\/www.facebook.com\/TheBey.Spain\" \/>\n<meta property=\"article:modified_time\" content=\"2025-10-22T19:33:59+00:00\" \/>\n<meta property=\"og:image\" content=\"https:\/\/www.the-bey.com\/wp-content\/uploads\/2022\/02\/The-BEY.png\" \/>\n\t<meta property=\"og:image:width\" content=\"696\" \/>\n\t<meta property=\"og:image:height\" content=\"1010\" \/>\n\t<meta property=\"og:image:type\" content=\"image\/png\" \/>\n<meta name=\"twitter:card\" content=\"summary_large_image\" \/>\n<meta name=\"twitter:label1\" content=\"Gesch\u00e4tzte Lesezeit\" \/>\n\t<meta name=\"twitter:data1\" content=\"1\u00a0Minute\" \/>\n<script type=\"application\/ld+json\" class=\"yoast-schema-graph\">{\"@context\":\"https:\\\/\\\/schema.org\",\"@graph\":[{\"@type\":\"WebPage\",\"@id\":\"https:\\\/\\\/www.the-bey.com\\\/de\\\/kontakt\\\/\",\"url\":\"https:\\\/\\\/www.the-bey.com\\\/de\\\/kontakt\\\/\",\"name\":\"ber\u00fchrung - The Bey \u00ae\",\"isPartOf\":{\"@id\":\"https:\\\/\\\/www.the-bey.com\\\/de\\\/#website\"},\"primaryImageOfPage\":{\"@id\":\"https:\\\/\\\/www.the-bey.com\\\/de\\\/kontakt\\\/#primaryimage\"},\"image\":{\"@id\":\"https:\\\/\\\/www.the-bey.com\\\/de\\\/kontakt\\\/#primaryimage\"},\"thumbnailUrl\":\"https:\\\/\\\/www.the-bey.com\\\/wp-content\\\/uploads\\\/2022\\\/02\\\/The-BEY.png\",\"datePublished\":\"2024-01-25T04:53:49+00:00\",\"dateModified\":\"2025-10-22T19:33:59+00:00\",\"breadcrumb\":{\"@id\":\"https:\\\/\\\/www.the-bey.com\\\/de\\\/kontakt\\\/#breadcrumb\"},\"inLanguage\":\"de\",\"potentialAction\":[{\"@type\":\"ReadAction\",\"target\":[\"https:\\\/\\\/www.the-bey.com\\\/de\\\/kontakt\\\/\"]}]},{\"@type\":\"ImageObject\",\"inLanguage\":\"de\",\"@id\":\"https:\\\/\\\/www.the-bey.com\\\/de\\\/kontakt\\\/#primaryimage\",\"url\":\"https:\\\/\\\/www.the-bey.com\\\/wp-content\\\/uploads\\\/2022\\\/02\\\/The-BEY.png\",\"contentUrl\":\"https:\\\/\\\/www.the-bey.com\\\/wp-content\\\/uploads\\\/2022\\\/02\\\/The-BEY.png\"},{\"@type\":\"BreadcrumbList\",\"@id\":\"https:\\\/\\\/www.the-bey.com\\\/de\\\/kontakt\\\/#breadcrumb\",\"itemListElement\":[{\"@type\":\"ListItem\",\"position\":1,\"name\":\"Home\",\"item\":\"https:\\\/\\\/www.the-bey.com\\\/de\\\/\"},{\"@type\":\"ListItem\",\"position\":2,\"name\":\"ber\u00fchrung\"}]},{\"@type\":\"WebSite\",\"@id\":\"https:\\\/\\\/www.the-bey.com\\\/de\\\/#website\",\"url\":\"https:\\\/\\\/www.the-bey.com\\\/de\\\/\",\"name\":\"The Bey \u00ae\",\"description\":\"Professionelle Kosmetik f\u00fcr M\u00e4nner\",\"publisher\":{\"@id\":\"https:\\\/\\\/www.the-bey.com\\\/de\\\/#organization\"},\"potentialAction\":[{\"@type\":\"SearchAction\",\"target\":{\"@type\":\"EntryPoint\",\"urlTemplate\":\"https:\\\/\\\/www.the-bey.com\\\/de\\\/?s={search_term_string}\"},\"query-input\":{\"@type\":\"PropertyValueSpecification\",\"valueRequired\":true,\"valueName\":\"search_term_string\"}}],\"inLanguage\":\"de\"},{\"@type\":\"Organization\",\"@id\":\"https:\\\/\\\/www.the-bey.com\\\/de\\\/#organization\",\"name\":\"The Bey\",\"url\":\"https:\\\/\\\/www.the-bey.com\\\/de\\\/\",\"logo\":{\"@type\":\"ImageObject\",\"inLanguage\":\"de\",\"@id\":\"https:\\\/\\\/www.the-bey.com\\\/de\\\/#\\\/schema\\\/logo\\\/image\\\/\",\"url\":\"https:\\\/\\\/nuevo.the-bey.com\\\/wp-content\\\/uploads\\\/2022\\\/02\\\/The-BEY.png\",\"contentUrl\":\"https:\\\/\\\/nuevo.the-bey.com\\\/wp-content\\\/uploads\\\/2022\\\/02\\\/The-BEY.png\",\"width\":696,\"height\":1010,\"caption\":\"The Bey\"},\"image\":{\"@id\":\"https:\\\/\\\/www.the-bey.com\\\/de\\\/#\\\/schema\\\/logo\\\/image\\\/\"},\"sameAs\":[\"https:\\\/\\\/www.facebook.com\\\/TheBey.Spain\",\"https:\\\/\\\/www.instagram.com\\\/thebey_spain\\\/\"]}]}<\/script>\n<!-- \/ Yoast SEO Premium plugin. -->","yoast_head_json":{"title":"ber\u00fchrung - The Bey \u00ae","robots":{"index":"index","follow":"follow","max-snippet":"max-snippet:-1","max-image-preview":"max-image-preview:large","max-video-preview":"max-video-preview:-1"},"canonical":"https:\/\/www.the-bey.com\/de\/kontakt\/","og_locale":"de_DE","og_type":"article","og_title":"ber\u00fchrung","og_description":"ber\u00fchrung Haben Sie Fragen oder m\u00f6chten Sie mehr \u00fcber unsere Produkte erfahren?Schreiben. Bei The Bey freuen wir uns, von denen zu h\u00f6ren, die unsere Leidenschaft f\u00fcr Sorgfalt und Stil teilen. Wenn Sie mehr Informationen haben m\u00f6chten oder \u00fcber eine m\u00f6gliche Zusammenarbeit sprechen oder einfach nur \u00fcber Ihre Ideen plaudern m\u00f6chten, bin ich ganz Ohr. Im ... Read more","og_url":"https:\/\/www.the-bey.com\/de\/kontakt\/","og_site_name":"The Bey \u00ae","article_publisher":"https:\/\/www.facebook.com\/TheBey.Spain","article_modified_time":"2025-10-22T19:33:59+00:00","og_image":[{"width":696,"height":1010,"url":"https:\/\/www.the-bey.com\/wp-content\/uploads\/2022\/02\/The-BEY.png","type":"image\/png"}],"twitter_card":"summary_large_image","twitter_misc":{"Gesch\u00e4tzte Lesezeit":"1\u00a0Minute"},"schema":{"@context":"https:\/\/schema.org","@graph":[{"@type":"WebPage","@id":"https:\/\/www.the-bey.com\/de\/kontakt\/","url":"https:\/\/www.the-bey.com\/de\/kontakt\/","name":"ber\u00fchrung - The Bey \u00ae","isPartOf":{"@id":"https:\/\/www.the-bey.com\/de\/#website"},"primaryImageOfPage":{"@id":"https:\/\/www.the-bey.com\/de\/kontakt\/#primaryimage"},"image":{"@id":"https:\/\/www.the-bey.com\/de\/kontakt\/#primaryimage"},"thumbnailUrl":"https:\/\/www.the-bey.com\/wp-content\/uploads\/2022\/02\/The-BEY.png","datePublished":"2024-01-25T04:53:49+00:00","dateModified":"2025-10-22T19:33:59+00:00","breadcrumb":{"@id":"https:\/\/www.the-bey.com\/de\/kontakt\/#breadcrumb"},"inLanguage":"de","potentialAction":[{"@type":"ReadAction","target":["https:\/\/www.the-bey.com\/de\/kontakt\/"]}]},{"@type":"ImageObject","inLanguage":"de","@id":"https:\/\/www.the-bey.com\/de\/kontakt\/#primaryimage","url":"https:\/\/www.the-bey.com\/wp-content\/uploads\/2022\/02\/The-BEY.png","contentUrl":"https:\/\/www.the-bey.com\/wp-content\/uploads\/2022\/02\/The-BEY.png"},{"@type":"BreadcrumbList","@id":"https:\/\/www.the-bey.com\/de\/kontakt\/#breadcrumb","itemListElement":[{"@type":"ListItem","position":1,"name":"Home","item":"https:\/\/www.the-bey.com\/de\/"},{"@type":"ListItem","position":2,"name":"ber\u00fchrung"}]},{"@type":"WebSite","@id":"https:\/\/www.the-bey.com\/de\/#website","url":"https:\/\/www.the-bey.com\/de\/","name":"The Bey \u00ae","description":"Professionelle Kosmetik f\u00fcr M\u00e4nner","publisher":{"@id":"https:\/\/www.the-bey.com\/de\/#organization"},"potentialAction":[{"@type":"SearchAction","target":{"@type":"EntryPoint","urlTemplate":"https:\/\/www.the-bey.com\/de\/?s={search_term_string}"},"query-input":{"@type":"PropertyValueSpecification","valueRequired":true,"valueName":"search_term_string"}}],"inLanguage":"de"},{"@type":"Organization","@id":"https:\/\/www.the-bey.com\/de\/#organization","name":"The Bey","url":"https:\/\/www.the-bey.com\/de\/","logo":{"@type":"ImageObject","inLanguage":"de","@id":"https:\/\/www.the-bey.com\/de\/#\/schema\/logo\/image\/","url":"https:\/\/nuevo.the-bey.com\/wp-content\/uploads\/2022\/02\/The-BEY.png","contentUrl":"https:\/\/nuevo.the-bey.com\/wp-content\/uploads\/2022\/02\/The-BEY.png","width":696,"height":1010,"caption":"The Bey"},"image":{"@id":"https:\/\/www.the-bey.com\/de\/#\/schema\/logo\/image\/"},"sameAs":["https:\/\/www.facebook.com\/TheBey.Spain","https:\/\/www.instagram.com\/thebey_spain\/"]}]}},"_links":{"self":[{"href":"https:\/\/www.the-bey.com\/de\/wp-json\/wp\/v2\/pages\/11568","targetHints":{"allow":["GET"]}}],"collection":[{"href":"https:\/\/www.the-bey.com\/de\/wp-json\/wp\/v2\/pages"}],"about":[{"href":"https:\/\/www.the-bey.com\/de\/wp-json\/wp\/v2\/types\/page"}],"author":[{"embeddable":true,"href":"https:\/\/www.the-bey.com\/de\/wp-json\/wp\/v2\/users\/1"}],"replies":[{"embeddable":true,"href":"https:\/\/www.the-bey.com\/de\/wp-json\/wp\/v2\/comments?post=11568"}],"version-history":[{"count":1,"href":"https:\/\/www.the-bey.com\/de\/wp-json\/wp\/v2\/pages\/11568\/revisions"}],"predecessor-version":[{"id":11569,"href":"https:\/\/www.the-bey.com\/de\/wp-json\/wp\/v2\/pages\/11568\/revisions\/11569"}],"wp:attachment":[{"href":"https:\/\/www.the-bey.com\/de\/wp-json\/wp\/v2\/media?parent=11568"}],"curies":[{"name":"wp","href":"https:\/\/api.w.org\/{rel}","templated":true}]}}