{"id":9888,"date":"2022-02-13T20:25:27","date_gmt":"2022-02-13T20:25:27","guid":{"rendered":"https:\/\/www.the-bey.com\/datenschutz\/"},"modified":"2022-02-26T10:18:20","modified_gmt":"2022-02-26T10:18:20","slug":"datenschutz","status":"publish","type":"page","link":"https:\/\/www.the-bey.com\/de\/datenschutz\/","title":{"rendered":"Datenschutz"},"content":{"rendered":"\n<p>In \u00dcbereinstimmung mit der informationspflicht in  <strong>Artikel 10<\/strong> der  <strong>Daraufhin wird das Gesetz 34\/2002 vom 11. Juli \u00fcber Dienstleistungen der Informationsgesellschaft und des elektronischen Gesch\u00e4ftsverkehrs<\/strong> erkl\u00e4rt.  <strong>The-bey.com<\/strong> als Website, die von BeySanchez Import SL B72375876 verwaltet wird, mit Adresse camino de la Perdiz 2 B, Bater\u00eda Colorada, Chiclana de la Frontera 11130 C\u00e1diz.<\/p>\n\n\n\n<p><strong>Verantwortung<\/strong><\/p>\n\n\n\n<p>Jede Person, die auf diese Website zugreift, \u00fcbernimmt die Rolle des <strong>Benutzers<\/strong> und verpflichtet sich zur Einhaltung und strikten Einhaltung der hierin festgelegten Bestimmungen sowie aller anderen anwendbaren gesetzlichen Bestimmungen.<\/p>\n\n\n\n<p>Der Anbieter ist von jeglicher Art von Verantwortung befreit, die sich aus den auf seiner Website ver\u00f6ffentlichten Informationen und f\u00fcr die mangelnde Verf\u00fcgbarkeit (St\u00fcrze) der Website ergibt, die auch regelm\u00e4\u00dfige Stopps f\u00fcr technische Wartungsarbeiten vornimmt. Dar\u00fcber hinaus beh\u00e4lt sich der Anbieter das Recht vor, jede Art von Informationen, die auf der Website erscheinen k\u00f6nnen, zu \u00e4ndern, ohne dass eine Verpflichtung besteht, die Nutzer vorab zu benachrichtigen oder \u00fcber solche Verpflichtungen zu informieren, die mit der Ver\u00f6ffentlichung auf der Website des Anbieters als ausreichend verstanden werden.<\/p>\n\n\n\n<p><strong>Schutz personenbezogener Daten<\/strong><\/p>\n\n\n\n<p>Der Anbieter h\u00e4lt sich an die spanischen Vorschriften zum Schutz personenbezogener Daten und garantiert die vollst\u00e4ndige Einhaltung der in der  <strong>Organgesetz 15\/1999 vom 13. Dezember \u00fcber den Schutz personenbezogener Daten (LOPD),<\/strong> die  <strong>K\u00f6nigliches Dekret 1720\/2007 vom 21. Dezember, das die Vorschriften f\u00fcr die Entwicklung des LOPD<\/strong> und andere jederzeit geltende Vorschriften genehmigt und die korrekte Verwendung und Verarbeitung der personenbezogenen Daten des Benutzers gew\u00e4hrleistet.<\/p>\n\n\n\n<p><strong>Anti-Spam-Richtlinie<\/strong><\/p>\n\n\n\n<p>Der Anbieter erkl\u00e4rt sich vollst\u00e4ndig gegen das Versenden unerw\u00fcnschter kommerzieller Mitteilungen und jeglicher Art von Verhalten oder Manifestation, die als &#8222;Spam&#8220; bekannt ist, und erkl\u00e4rt sich auch dem Kampf gegen diese Art von missbr\u00e4uchlichen Praktiken verpflichtet.<\/p>\n\n\n\n<p>Daher garantiert der Anbieter dem Nutzer, dass die auf der Website erhobenen personenbezogenen Daten <strong>unter keinen Umst\u00e4nden<\/strong> an Dritte \u00fcbertragen, geteilt, \u00fcbertragen oder verkauft werden.<\/p>\n\n\n\n<p>Aus den gleichen Gr\u00fcnden sollte der Registrierungsprozess nicht dazu verwendet werden, E-Mail-Adressen von Au\u00dfenstehenden ohne die ausdr\u00fcckliche Zustimmung der betroffenen Personen zu registrieren.  <strong>\n  <strong>The-bey.com<\/strong>\n<\/strong> implementiert als Gegenma\u00dfnahme zu dieser Praxis eine Double-Opt-In-Mailingliste, die vor Erhalt von E-Mail-Mitteilungen eine ausdr\u00fcckliche Best\u00e4tigung durch den Inhaber des als Abonnementadresse angegebenen E-Mail-Kontos ben\u00f6tigt.<\/p>\n\n\n\n<p>F\u00fcr den Fall, dass ein <strong>Benutzer<\/strong> immer noch Mitteilungen von dieser Website erh\u00e4lt, ohne sich registriert zu haben oder ohne seine ausdr\u00fcckliche Zustimmung zu einer solchen Registrierung gegeben zu haben, kann er sich von den in der Kommunikation selbst angegebenen Links abmelden.<\/p>\n\n\n\n<p>Dar\u00fcber hinaus kann der Benutzer uns \u00fcber das auf der Website gepflegte Kontaktformular kontaktieren, um zu kommunizieren, was passiert ist, und um die sofortige L\u00f6schung seiner Daten aus unserem System zu verlangen.<\/p>\n\n\n\n<p><strong>Daten-Hosting<\/strong><\/p>\n\n\n\n<p>Aus technischen Gr\u00fcnden und Servicequalit\u00e4t wird der <strong>\n  <strong>Blog The-bey.com<\/strong>\n<\/strong> auf den Servern des Unternehmens gehostet Banahosting.com (<a href=\"https:\/\/www.banahosting.com\/es\/politicas-privacidad.shtml\" target=\"_blank\" rel=\"noreferrer noopener\">Datenschutzerkl\u00e4rung<\/a>). Aus \u00e4hnlichen Gr\u00fcnden erfolgt die Bereitstellung des Abonnementdienstes per E-Mail und der Versand von Newslettern aus den Einrichtungen des Unternehmens Banahosting.com (<a href=\"https:\/\/www.banahosting.com\/es\/politicas-privacidad.shtml\" target=\"_blank\" rel=\"noreferrer noopener\">Datenschutzerkl\u00e4rung<\/a>). Beide Unternehmen sind amerikanischen Ursprungs mit Einrichtungen, die sich im selben Land befinden.<\/p>\n\n\n\n<p><strong>Google Analytics<\/strong><\/p>\n\n\n\n<p><a href=\"http:\/\/www.google.com\/intl\/es\/analytics\/\">\n  <strong>Google Analytics<\/strong>\n<\/a> ist ein statistischer Datenanalysedienst der Firma <strong>Google<\/strong> (<a href=\"http:\/\/www.google.com\/policies\/privacy\/\">Datenschutzerkl\u00e4rung<\/a>). <strong>\n  <strong>The-bey.com<\/strong>\n<\/strong> verwendet diesen Dienst, um Nutzungsstatistiken zu verfolgen.<\/p>\n\n\n\n<p>Google Analytics verwendet Cookies, um der Website die Analyse statistischer Daten \u00fcber die Nutzung der Website zu erleichtern (Anzahl der Gesamtbesuche, meistbesuchte Seiten usw.). Die durch den Cookie erzeugten Informationen (einschlie\u00dflich Ihrer IP-Adresse) werden direkt an einen Server von Google in den USA \u00fcbertragen und dort gespeichert.<\/p>\n\n\n\n<p>Google wird diese Informationen in unserem Auftrag benutzen, um statistische Informationen \u00fcber die Nutzung <strong>\n  <strong>von The-bey.com<\/strong>\n<\/strong> zu gewinnen, Google wird ihre IP-Adresse nicht mit anderen Daten von Google in Verbindung bringen. Google wird diese Informationen gegebenenfalls an Dritte \u00fcbertragen, sofern dies gesetzlich vorgeschrieben oder soweit Dritte diese Daten im Auftrag von Google verarbeiten.<\/p>\n\n\n\n<p>Sie k\u00f6nnen die Verarbeitung von Daten oder Informationen ablehnen, indem Sie die Verwendung von Cookies durch eine entsprechende Einstellung Ihrer Browser-Software verhindern, jedoch wird dadurch die volle Funktionalit\u00e4t <strong>\n  <strong>The-bey.com<\/strong>\n<\/strong> eingeschr\u00e4nkt. Durch die Nutzung dieser Website erkl\u00e4ren Sie sich mit der Bearbeitung der \u00fcber Sie erhobenen Daten durch Google in der zuvor beschriebenen Art und Weise und zu dem zuvor benannten Zweck einverstanden.<\/p>\n\n\n\n<p><strong>Google AdSense<\/strong><\/p>\n\n\n\n<p>Google als Partneranbieter von <strong>\n  <strong>The-bey.com<\/strong>\n<\/strong> verwendet Cookies, um Anzeigen auf dieser Website zu schalten. Der Nutzer kann die Verwendung dieser Cookies deaktivieren, indem er den Anweisungen folgt, <a href=\"http:\/\/www.google.com\/policies\/privacy\/ads\/\">die im Werbebereich der Datenschutzerkl\u00e4rung von Google angegeben sind<\/a>.<\/p>\n\n\n\n<p>Google nutzt Werbepartnerunternehmen, um Anzeigen zu schalten, wenn Sie unsere Website besuchen. Diese Unternehmen k\u00f6nnen die Informationen, die sie aus Ihren Besuchen auf dieser und anderen Websites erhalten (ohne Ihren Namen, Ihre Adresse, E-Mail-Adresse oder Telefonnummer), verwenden, um Ihnen Werbung f\u00fcr Produkte und Dienstleistungen zur Verf\u00fcgung zu stellen, die f\u00fcr Sie von Interesse sind. Wenn Sie mehr \u00fcber diese Praxis erfahren und mehr \u00fcber Ihre M\u00f6glichkeiten erfahren m\u00f6chten, diese Unternehmen daran zu hindern, diese Informationen zu verwenden, lesen Sie bitte den obigen Link.<\/p>\n\n\n\n<p><strong>Zustimmung zur Verarbeitung der personenbezogenen Daten des Nutzers<\/strong><\/p>\n\n\n\n<p>Im Rahmen seiner Aktivit\u00e4ten hat <strong>\n  <strong>The-bey.com<\/strong>\n<\/strong> die M\u00f6glichkeit, Benutzer zu registrieren, um Mitteilungen per E-Mail zu senden, Kommentare zum Blog abzugeben und Nachrichten \u00fcber das Kontaktformular zu senden.<\/p>\n\n\n\n<p>Der Benutzer gibt durch das Abonnement des Blogs, das Abgeben von Kommentaren oder das Kontaktformular seine ausdr\u00fcckliche Zustimmung zur Behandlung der zur Verf\u00fcgung gestellten Person gem\u00e4\u00df den Bestimmungen von <strong>Artikel 6<\/strong> des LOPD. Der Nutzer kann seine <strong>Rechte<\/strong> unter den in <strong>Artikel 5<\/strong> des LOPD vorgesehenen Bedingungen aus\u00fcben.<\/p>\n\n\n\n<p>Dieselben Handlungen implizieren auch die ausdr\u00fcckliche Zustimmung des Benutzers zur internationalen \u00dcbertragung von Daten, die im Sinne des LOPD aufgrund der physischen Lage der Einrichtungen der oben genannten Anbieter erfolgt.<\/p>\n\n\n\n<p>Die bei diesen Aktivit\u00e4ten angeforderten personenbezogenen Daten werden in eine Datei aufgenommen, deren Zweck die Kommunikation von Nachrichten im Zusammenhang mit der Website <strong>\n  <strong>von The-bey.com<\/strong>\n<\/strong> ist, <strong>die als Verantwortlicher f\u00fcr die Datei<\/strong> des <strong>Anbieters<\/strong> fungieren. Die mit einem Sternchen gekennzeichneten Felder sind Pflichtfelder, so dass der ausdr\u00fcckliche Zweck nicht erf\u00fcllt werden kann, wenn diese Daten nicht zur Verf\u00fcgung gestellt werden. Sie werden auch \u00fcber die M\u00f6glichkeit informiert, die im Abschnitt benutzerrechte angegebenen Rechte auszu\u00fcben.<\/p>\n\n\n\n<p><strong>Benutzerrechte<\/strong><\/p>\n\n\n\n<p>In \u00dcbereinstimmung mit den Bestimmungen von <strong>Artikel 5<\/strong> des LOPD wird der Benutzer dar\u00fcber informiert, dass der <strong>ausschlie\u00dfliche Zweck<\/strong> der Registrierungsdatenbank darin besteht, Informationen \u00fcber Neuigkeiten im Zusammenhang mit der <strong>\n  <strong>Website The-bey.com<\/strong>\n<\/strong> zu senden. Nur die Eigent\u00fcmer haben Zugriff auf ihre Daten, und unter keinen Umst\u00e4nden werden diese Daten an Dritte \u00fcbertragen, geteilt, \u00fcbertragen oder verkauft.<\/p>\n\n\n\n<p>Gem\u00e4\u00df den Bestimmungen des LOPD kann der <strong>Nutzer<\/strong> jederzeit seine <strong>Rechte auf Zugang<\/strong>, <strong>Berichtigung<\/strong>, <strong>L\u00f6schung<\/strong> und <strong>Widerspruch<\/strong> gegen\u00fcber dem <strong>Anbieter<\/strong> aus\u00fcben.<\/p>\n\n\n\n<p>Um die Aus\u00fcbung dieser Rechte zu erleichtern, wird in allen Mitteilungen ein <strong>Link zur Abmeldung bereitgestellt<\/strong> , der zur <strong>sofortigen L\u00f6schung<\/strong> der personenbezogenen Daten des Benutzers aus unserer Datenbank f\u00fchrt.<\/p>\n\n\n\n<p><strong>Geistiges Eigentum und Nutzung der Inhalte<\/strong><\/p>\n\n\n\n<p>Die Website <strong>\n  <strong>The-bey.com<\/strong>\n<\/strong>, einschlie\u00dflich, aber nicht beschr\u00e4nkt auf ihre Programmierung, Bearbeitung, Zusammenstellung und andere Elemente, die f\u00fcr ihren Betrieb erforderlich sind, die Designs, Logos, Texte und \/ oder Grafiken sind Eigentum des Anbieters oder haben gegebenenfalls eine Lizenz oder ausdr\u00fcckliche Genehmigung der Autoren.<\/p>\n\n\n\n<p><strong>\n  <strong>The-bey.com<\/strong>\n<\/strong> gew\u00e4hrt dem Nutzer eine <strong>Creative Commons Attribution-NonCommercial-ShareAlike<\/strong> 3.0 Lizenz, deren genaue Bedingungen <a href=\"http:\/\/creativecommons.org\/licenses\/by-nc-sa\/3.0\/es\/\">in diesem Link eingesehen werden k\u00f6nnen<\/a>.<\/p>\n\n\n\n<figure class=\"wp-block-image\"><a href=\"https:\/\/soloelectronicos.files.wordpress.com\/2013\/08\/5_by-nc-sa.png\"><img decoding=\"async\" src=\"https:\/\/soloelectronicos.files.wordpress.com\/2013\/08\/5_by-nc-sa.png?w=232&amp;h=81\" alt=\"5_by-nc-sa\" class=\"wp-image-9425\"\/><\/a><\/figure>\n\n\n\n<p>Jede Nutzung, die nicht zuvor vom Anbieter genehmigt wurde, gilt als schwerwiegende Verletzung der geistigen oder gewerblichen Eigentumsrechte des Autors.<\/p>\n\n\n\n<p>Die Designs, Logos, Texte und \/ oder Grafiken au\u00dferhalb des Anbieters, die auf der Website erscheinen k\u00f6nnen, geh\u00f6ren ihren jeweiligen Eigent\u00fcmern und sind selbst f\u00fcr m\u00f6gliche Kontroversen verantwortlich, die in Bezug auf sie auftreten k\u00f6nnen. In jedem Fall hat der Anbieter die ausdr\u00fcckliche und vorherige Genehmigung durch ihn.<\/p>\n\n\n\n<p>Um jede Art von Beobachtung in Bezug auf m\u00f6gliche Verletzungen von Rechten an geistigem oder gewerblichem Eigentum sowie von Inhalten der Website zu machen, k\u00f6nnen Sie dies \u00fcber das Kontaktformular tun, das auf der Website gepflegt wird.<\/p>\n\n\n\n<p><strong>Anwendbares Recht und Gerichtsstand<\/strong><\/p>\n\n\n\n<p>F\u00fcr die Beilegung aller Streitigkeiten oder Probleme im Zusammenhang mit dieser Website oder den darin entwickelten Aktivit\u00e4ten gilt die spanische Gesetzgebung, der sich die Parteien ausdr\u00fccklich unterwerfen.<\/p>\n\n\n\n<h2 class=\"wp-block-heading\"><\/h2>\n","protected":false},"excerpt":{"rendered":"<p>In \u00dcbereinstimmung mit der informationspflicht in Artikel 10 der Daraufhin wird das Gesetz 34\/2002 vom 11. Juli \u00fcber Dienstleistungen der Informationsgesellschaft und des elektronischen Gesch\u00e4ftsverkehrs erkl\u00e4rt. The-bey.com als Website, die von BeySanchez Import SL B72375876 verwaltet wird, mit Adresse camino de la Perdiz 2 B, Bater\u00eda Colorada, Chiclana de la Frontera 11130 C\u00e1diz. Verantwortung Jede &#8230; <a title=\"Datenschutz\" class=\"read-more\" href=\"https:\/\/www.the-bey.com\/de\/datenschutz\/\" aria-label=\"Mehr Informationen \u00fcber Datenschutz\">Read more<\/a><\/p>\n","protected":false},"author":1,"featured_media":0,"parent":0,"menu_order":0,"comment_status":"closed","ping_status":"closed","template":"","meta":{"footnotes":""},"class_list":["post-9888","page","type-page","status-publish"],"yoast_head":"<!-- This site is optimized with the Yoast SEO Premium plugin v26.2 (Yoast SEO v27.4) - https:\/\/yoast.com\/product\/yoast-seo-premium-wordpress\/ -->\n<title>Datenschutz - The Bey \u00ae<\/title>\n<meta name=\"robots\" content=\"noindex, nofollow\" \/>\n<meta property=\"og:locale\" content=\"de_DE\" \/>\n<meta property=\"og:type\" content=\"article\" \/>\n<meta property=\"og:title\" content=\"Datenschutz\" \/>\n<meta property=\"og:description\" content=\"In \u00dcbereinstimmung mit der informationspflicht in Artikel 10 der Daraufhin wird das Gesetz 34\/2002 vom 11. Juli \u00fcber Dienstleistungen der Informationsgesellschaft und des elektronischen Gesch\u00e4ftsverkehrs erkl\u00e4rt. The-bey.com als Website, die von BeySanchez Import SL B72375876 verwaltet wird, mit Adresse camino de la Perdiz 2 B, Bater\u00eda Colorada, Chiclana de la Frontera 11130 C\u00e1diz. Verantwortung Jede ... Read more\" \/>\n<meta property=\"og:url\" content=\"https:\/\/www.the-bey.com\/de\/datenschutz\/\" \/>\n<meta property=\"og:site_name\" content=\"The Bey \u00ae\" \/>\n<meta property=\"article:publisher\" content=\"https:\/\/www.facebook.com\/TheBey.Spain\" \/>\n<meta property=\"article:modified_time\" content=\"2022-02-26T10:18:20+00:00\" \/>\n<meta property=\"og:image\" content=\"https:\/\/soloelectronicos.files.wordpress.com\/2013\/08\/5_by-nc-sa.png?w=232&amp;h=81\" \/>\n<meta name=\"twitter:card\" content=\"summary_large_image\" \/>\n<meta name=\"twitter:label1\" content=\"Gesch\u00e4tzte Lesezeit\" \/>\n\t<meta name=\"twitter:data1\" content=\"7\u00a0Minuten\" \/>\n<script type=\"application\/ld+json\" class=\"yoast-schema-graph\">{\"@context\":\"https:\\\/\\\/schema.org\",\"@graph\":[{\"@type\":\"WebPage\",\"@id\":\"https:\\\/\\\/www.the-bey.com\\\/de\\\/datenschutz\\\/\",\"url\":\"https:\\\/\\\/www.the-bey.com\\\/de\\\/datenschutz\\\/\",\"name\":\"Datenschutz - The Bey \u00ae\",\"isPartOf\":{\"@id\":\"https:\\\/\\\/www.the-bey.com\\\/de\\\/#website\"},\"primaryImageOfPage\":{\"@id\":\"https:\\\/\\\/www.the-bey.com\\\/de\\\/datenschutz\\\/#primaryimage\"},\"image\":{\"@id\":\"https:\\\/\\\/www.the-bey.com\\\/de\\\/datenschutz\\\/#primaryimage\"},\"thumbnailUrl\":\"https:\\\/\\\/soloelectronicos.files.wordpress.com\\\/2013\\\/08\\\/5_by-nc-sa.png?w=232&amp;h=81\",\"datePublished\":\"2022-02-13T20:25:27+00:00\",\"dateModified\":\"2022-02-26T10:18:20+00:00\",\"breadcrumb\":{\"@id\":\"https:\\\/\\\/www.the-bey.com\\\/de\\\/datenschutz\\\/#breadcrumb\"},\"inLanguage\":\"de\",\"potentialAction\":[{\"@type\":\"ReadAction\",\"target\":[\"https:\\\/\\\/www.the-bey.com\\\/de\\\/datenschutz\\\/\"]}]},{\"@type\":\"ImageObject\",\"inLanguage\":\"de\",\"@id\":\"https:\\\/\\\/www.the-bey.com\\\/de\\\/datenschutz\\\/#primaryimage\",\"url\":\"https:\\\/\\\/soloelectronicos.files.wordpress.com\\\/2013\\\/08\\\/5_by-nc-sa.png?w=232&amp;h=81\",\"contentUrl\":\"https:\\\/\\\/soloelectronicos.files.wordpress.com\\\/2013\\\/08\\\/5_by-nc-sa.png?w=232&amp;h=81\"},{\"@type\":\"BreadcrumbList\",\"@id\":\"https:\\\/\\\/www.the-bey.com\\\/de\\\/datenschutz\\\/#breadcrumb\",\"itemListElement\":[{\"@type\":\"ListItem\",\"position\":1,\"name\":\"Home\",\"item\":\"https:\\\/\\\/www.the-bey.com\\\/de\\\/\"},{\"@type\":\"ListItem\",\"position\":2,\"name\":\"Datenschutz\"}]},{\"@type\":\"WebSite\",\"@id\":\"https:\\\/\\\/www.the-bey.com\\\/de\\\/#website\",\"url\":\"https:\\\/\\\/www.the-bey.com\\\/de\\\/\",\"name\":\"The Bey \u00ae\",\"description\":\"Professionelle Kosmetik f\u00fcr M\u00e4nner\",\"publisher\":{\"@id\":\"https:\\\/\\\/www.the-bey.com\\\/de\\\/#organization\"},\"potentialAction\":[{\"@type\":\"SearchAction\",\"target\":{\"@type\":\"EntryPoint\",\"urlTemplate\":\"https:\\\/\\\/www.the-bey.com\\\/de\\\/?s={search_term_string}\"},\"query-input\":{\"@type\":\"PropertyValueSpecification\",\"valueRequired\":true,\"valueName\":\"search_term_string\"}}],\"inLanguage\":\"de\"},{\"@type\":\"Organization\",\"@id\":\"https:\\\/\\\/www.the-bey.com\\\/de\\\/#organization\",\"name\":\"The Bey\",\"url\":\"https:\\\/\\\/www.the-bey.com\\\/de\\\/\",\"logo\":{\"@type\":\"ImageObject\",\"inLanguage\":\"de\",\"@id\":\"https:\\\/\\\/www.the-bey.com\\\/de\\\/#\\\/schema\\\/logo\\\/image\\\/\",\"url\":\"https:\\\/\\\/nuevo.the-bey.com\\\/wp-content\\\/uploads\\\/2022\\\/02\\\/The-BEY.png\",\"contentUrl\":\"https:\\\/\\\/nuevo.the-bey.com\\\/wp-content\\\/uploads\\\/2022\\\/02\\\/The-BEY.png\",\"width\":696,\"height\":1010,\"caption\":\"The Bey\"},\"image\":{\"@id\":\"https:\\\/\\\/www.the-bey.com\\\/de\\\/#\\\/schema\\\/logo\\\/image\\\/\"},\"sameAs\":[\"https:\\\/\\\/www.facebook.com\\\/TheBey.Spain\",\"https:\\\/\\\/www.instagram.com\\\/thebey_spain\\\/\"]}]}<\/script>\n<!-- \/ Yoast SEO Premium plugin. -->","yoast_head_json":{"title":"Datenschutz - The Bey \u00ae","robots":{"index":"noindex","follow":"nofollow"},"og_locale":"de_DE","og_type":"article","og_title":"Datenschutz","og_description":"In \u00dcbereinstimmung mit der informationspflicht in Artikel 10 der Daraufhin wird das Gesetz 34\/2002 vom 11. Juli \u00fcber Dienstleistungen der Informationsgesellschaft und des elektronischen Gesch\u00e4ftsverkehrs erkl\u00e4rt. The-bey.com als Website, die von BeySanchez Import SL B72375876 verwaltet wird, mit Adresse camino de la Perdiz 2 B, Bater\u00eda Colorada, Chiclana de la Frontera 11130 C\u00e1diz. Verantwortung Jede ... Read more","og_url":"https:\/\/www.the-bey.com\/de\/datenschutz\/","og_site_name":"The Bey \u00ae","article_publisher":"https:\/\/www.facebook.com\/TheBey.Spain","article_modified_time":"2022-02-26T10:18:20+00:00","og_image":[{"url":"https:\/\/soloelectronicos.files.wordpress.com\/2013\/08\/5_by-nc-sa.png?w=232&amp;h=81","type":"","width":"","height":""}],"twitter_card":"summary_large_image","twitter_misc":{"Gesch\u00e4tzte Lesezeit":"7\u00a0Minuten"},"schema":{"@context":"https:\/\/schema.org","@graph":[{"@type":"WebPage","@id":"https:\/\/www.the-bey.com\/de\/datenschutz\/","url":"https:\/\/www.the-bey.com\/de\/datenschutz\/","name":"Datenschutz - The Bey \u00ae","isPartOf":{"@id":"https:\/\/www.the-bey.com\/de\/#website"},"primaryImageOfPage":{"@id":"https:\/\/www.the-bey.com\/de\/datenschutz\/#primaryimage"},"image":{"@id":"https:\/\/www.the-bey.com\/de\/datenschutz\/#primaryimage"},"thumbnailUrl":"https:\/\/soloelectronicos.files.wordpress.com\/2013\/08\/5_by-nc-sa.png?w=232&amp;h=81","datePublished":"2022-02-13T20:25:27+00:00","dateModified":"2022-02-26T10:18:20+00:00","breadcrumb":{"@id":"https:\/\/www.the-bey.com\/de\/datenschutz\/#breadcrumb"},"inLanguage":"de","potentialAction":[{"@type":"ReadAction","target":["https:\/\/www.the-bey.com\/de\/datenschutz\/"]}]},{"@type":"ImageObject","inLanguage":"de","@id":"https:\/\/www.the-bey.com\/de\/datenschutz\/#primaryimage","url":"https:\/\/soloelectronicos.files.wordpress.com\/2013\/08\/5_by-nc-sa.png?w=232&amp;h=81","contentUrl":"https:\/\/soloelectronicos.files.wordpress.com\/2013\/08\/5_by-nc-sa.png?w=232&amp;h=81"},{"@type":"BreadcrumbList","@id":"https:\/\/www.the-bey.com\/de\/datenschutz\/#breadcrumb","itemListElement":[{"@type":"ListItem","position":1,"name":"Home","item":"https:\/\/www.the-bey.com\/de\/"},{"@type":"ListItem","position":2,"name":"Datenschutz"}]},{"@type":"WebSite","@id":"https:\/\/www.the-bey.com\/de\/#website","url":"https:\/\/www.the-bey.com\/de\/","name":"The Bey \u00ae","description":"Professionelle Kosmetik f\u00fcr M\u00e4nner","publisher":{"@id":"https:\/\/www.the-bey.com\/de\/#organization"},"potentialAction":[{"@type":"SearchAction","target":{"@type":"EntryPoint","urlTemplate":"https:\/\/www.the-bey.com\/de\/?s={search_term_string}"},"query-input":{"@type":"PropertyValueSpecification","valueRequired":true,"valueName":"search_term_string"}}],"inLanguage":"de"},{"@type":"Organization","@id":"https:\/\/www.the-bey.com\/de\/#organization","name":"The Bey","url":"https:\/\/www.the-bey.com\/de\/","logo":{"@type":"ImageObject","inLanguage":"de","@id":"https:\/\/www.the-bey.com\/de\/#\/schema\/logo\/image\/","url":"https:\/\/nuevo.the-bey.com\/wp-content\/uploads\/2022\/02\/The-BEY.png","contentUrl":"https:\/\/nuevo.the-bey.com\/wp-content\/uploads\/2022\/02\/The-BEY.png","width":696,"height":1010,"caption":"The Bey"},"image":{"@id":"https:\/\/www.the-bey.com\/de\/#\/schema\/logo\/image\/"},"sameAs":["https:\/\/www.facebook.com\/TheBey.Spain","https:\/\/www.instagram.com\/thebey_spain\/"]}]}},"_links":{"self":[{"href":"https:\/\/www.the-bey.com\/de\/wp-json\/wp\/v2\/pages\/9888","targetHints":{"allow":["GET"]}}],"collection":[{"href":"https:\/\/www.the-bey.com\/de\/wp-json\/wp\/v2\/pages"}],"about":[{"href":"https:\/\/www.the-bey.com\/de\/wp-json\/wp\/v2\/types\/page"}],"author":[{"embeddable":true,"href":"https:\/\/www.the-bey.com\/de\/wp-json\/wp\/v2\/users\/1"}],"replies":[{"embeddable":true,"href":"https:\/\/www.the-bey.com\/de\/wp-json\/wp\/v2\/comments?post=9888"}],"version-history":[{"count":2,"href":"https:\/\/www.the-bey.com\/de\/wp-json\/wp\/v2\/pages\/9888\/revisions"}],"predecessor-version":[{"id":10639,"href":"https:\/\/www.the-bey.com\/de\/wp-json\/wp\/v2\/pages\/9888\/revisions\/10639"}],"wp:attachment":[{"href":"https:\/\/www.the-bey.com\/de\/wp-json\/wp\/v2\/media?parent=9888"}],"curies":[{"name":"wp","href":"https:\/\/api.w.org\/{rel}","templated":true}]}}