{"id":9930,"date":"2022-02-14T15:03:50","date_gmt":"2022-02-14T15:03:50","guid":{"rendered":"https:\/\/www.the-bey.com\/ueber-uns\/"},"modified":"2022-02-26T10:23:21","modified_gmt":"2022-02-26T10:23:21","slug":"ueber-uns","status":"publish","type":"page","link":"https:\/\/www.the-bey.com\/de\/ueber-uns\/","title":{"rendered":"\u00dcber uns"},"content":{"rendered":"\n<h3 class=\"has-text-align-center wp-block-heading\" id=\"dedicados-al-mundo-de-la-peluqueria-y-barberia-desde-1991\">Seit 1991 der Welt des Friseurs und Barbershops gewidmet.<\/h3>\n\n\n\n<h3 class=\"has-text-align-center wp-block-heading\" id=\"desde-el-sur-de-espana-nace-the-bey-marca-especialista-de-productos-profesionales-para-el-pelo-y-la-barba\">Aus dem S\u00fcden Spaniens wird THE BEY \u00ae\ufe0f geboren, eine Spezialmarke f\u00fcr PROFESSIONELLE Produkte f\u00fcr Haare und B\u00e4rte.<\/h3>\n\n\n\n<p class=\"has-text-align-center\">Wir wissen, was wir verkaufen, weil wir es t\u00e4glich nutzen. Zwei Cousins aus C\u00e1diz engagieren sich wie m\u00f6glich in dieser Welt und wollen sich durch die Schaffung einer Marke weltweit bekannt machen. Marke f\u00fcr Menschen heute, junge und nicht so junge Menschen, die gerne auf sich selbst aufpassen.  <\/p>\n\n\n\n<div class=\"wp-block-image\"><figure class=\"aligncenter size-full is-resized\"><img loading=\"lazy\" decoding=\"async\" src=\"https:\/\/www.the-bey.com\/wp-content\/uploads\/2022\/02\/The-BEY.png\" alt=\"Logo der offizielle Bey\" class=\"wp-image-9458\" width=\"172\" height=\"249\" srcset=\"https:\/\/www.the-bey.com\/wp-content\/uploads\/2022\/02\/The-BEY.png 696w, https:\/\/www.the-bey.com\/wp-content\/uploads\/2022\/02\/The-BEY-694x1007.png 694w, https:\/\/www.the-bey.com\/wp-content\/uploads\/2022\/02\/The-BEY-207x300.png 207w\" sizes=\"auto, (max-width: 172px) 100vw, 172px\" \/><\/figure><\/div>\n\n\n\n<p class=\"has-text-align-center\">Unser Ziel ist es, unseren Kunden die besten professionellen Produkte f\u00fcr Haare und Bart zu bringen.  <\/p>\n\n\n\n<p class=\"has-text-align-center\">Wir treffen eine ausgezeichnete Auswahl der nat\u00fcrlichsten Produkte.  <\/p>\n\n\n\n<p class=\"has-text-align-center\"><strong>Professionelle Kosmetik f\u00fcr M\u00e4nner von Produkten zur Pflege von Haaren und Bart. Wir haben eine Reihe von Produkten, die mit den modernsten Prozessen hergestellt und formuliert wurden. Wir verwenden als unser Prinzip die &#8222;Technologie nach der Natur&#8220;, in der Tat werden alle Formeln mit einer Kombination aus bew\u00e4hrten biotechnologischen Wirkstoffen und essentiellen Inhaltsstoffen botanischen und nat\u00fcrlichen Ursprungs von geringer Belastung aus der ganzen Welt erstellt &#8230;<\/strong><\/p>\n","protected":false},"excerpt":{"rendered":"<p>Seit 1991 der Welt des Friseurs und Barbershops gewidmet. Aus dem S\u00fcden Spaniens wird THE BEY \u00ae\ufe0f geboren, eine Spezialmarke f\u00fcr PROFESSIONELLE Produkte f\u00fcr Haare und B\u00e4rte. Wir wissen, was wir verkaufen, weil wir es t\u00e4glich nutzen. Zwei Cousins aus C\u00e1diz engagieren sich wie m\u00f6glich in dieser Welt und wollen sich durch die Schaffung einer &#8230; <a title=\"\u00dcber uns\" class=\"read-more\" href=\"https:\/\/www.the-bey.com\/de\/ueber-uns\/\" aria-label=\"Mehr Informationen \u00fcber \u00dcber uns\">Read more<\/a><\/p>\n","protected":false},"author":1,"featured_media":0,"parent":0,"menu_order":0,"comment_status":"closed","ping_status":"closed","template":"page-templates\/about.php","meta":{"footnotes":""},"class_list":["post-9930","page","type-page","status-publish"],"yoast_head":"<!-- This site is optimized with the Yoast SEO Premium plugin v26.2 (Yoast SEO v27.4) - https:\/\/yoast.com\/product\/yoast-seo-premium-wordpress\/ -->\n<title>\u00dcber uns - The Bey \u00ae<\/title>\n<meta name=\"description\" content=\"\u00dcber uns. Seit 1991 der Welt des Friseurs und Barbershops gewidmet. Aus dem S\u00fcden Spaniens wird THE BEY \u00ae\ufe0f geboren, eine Produktmarke f\u00fcr Haare und B\u00e4rte.\" \/>\n<meta name=\"robots\" content=\"index, follow, max-snippet:-1, max-image-preview:large, max-video-preview:-1\" \/>\n<link rel=\"canonical\" href=\"https:\/\/www.the-bey.com\/de\/ueber-uns\/\" \/>\n<meta property=\"og:locale\" content=\"de_DE\" \/>\n<meta property=\"og:type\" content=\"article\" \/>\n<meta property=\"og:title\" content=\"\u00dcber uns\" \/>\n<meta property=\"og:description\" content=\"\u00dcber uns. Seit 1991 der Welt des Friseurs und Barbershops gewidmet. Aus dem S\u00fcden Spaniens wird THE BEY \u00ae\ufe0f geboren, eine Produktmarke f\u00fcr Haare und B\u00e4rte.\" \/>\n<meta property=\"og:url\" content=\"https:\/\/www.the-bey.com\/de\/ueber-uns\/\" \/>\n<meta property=\"og:site_name\" content=\"The Bey \u00ae\" \/>\n<meta property=\"article:publisher\" content=\"https:\/\/www.facebook.com\/TheBey.Spain\" \/>\n<meta property=\"article:modified_time\" content=\"2022-02-26T10:23:21+00:00\" \/>\n<meta property=\"og:image\" content=\"https:\/\/www.the-bey.com\/wp-content\/uploads\/2022\/02\/The-BEY.png\" \/>\n<meta name=\"twitter:card\" content=\"summary_large_image\" \/>\n<meta name=\"twitter:label1\" content=\"Gesch\u00e4tzte Lesezeit\" \/>\n\t<meta name=\"twitter:data1\" content=\"1\u00a0Minute\" \/>\n<script type=\"application\/ld+json\" class=\"yoast-schema-graph\">{\"@context\":\"https:\\\/\\\/schema.org\",\"@graph\":[{\"@type\":\"WebPage\",\"@id\":\"https:\\\/\\\/www.the-bey.com\\\/de\\\/ueber-uns\\\/\",\"url\":\"https:\\\/\\\/www.the-bey.com\\\/de\\\/ueber-uns\\\/\",\"name\":\"\u00dcber uns - The Bey \u00ae\",\"isPartOf\":{\"@id\":\"https:\\\/\\\/www.the-bey.com\\\/de\\\/#website\"},\"primaryImageOfPage\":{\"@id\":\"https:\\\/\\\/www.the-bey.com\\\/de\\\/ueber-uns\\\/#primaryimage\"},\"image\":{\"@id\":\"https:\\\/\\\/www.the-bey.com\\\/de\\\/ueber-uns\\\/#primaryimage\"},\"thumbnailUrl\":\"https:\\\/\\\/www.the-bey.com\\\/wp-content\\\/uploads\\\/2022\\\/02\\\/The-BEY.png\",\"datePublished\":\"2022-02-14T15:03:50+00:00\",\"dateModified\":\"2022-02-26T10:23:21+00:00\",\"description\":\"\u00dcber uns. Seit 1991 der Welt des Friseurs und Barbershops gewidmet. Aus dem S\u00fcden Spaniens wird THE BEY \u00ae\ufe0f geboren, eine Produktmarke f\u00fcr Haare und B\u00e4rte.\",\"breadcrumb\":{\"@id\":\"https:\\\/\\\/www.the-bey.com\\\/de\\\/ueber-uns\\\/#breadcrumb\"},\"inLanguage\":\"de\",\"potentialAction\":[{\"@type\":\"ReadAction\",\"target\":[\"https:\\\/\\\/www.the-bey.com\\\/de\\\/ueber-uns\\\/\"]}]},{\"@type\":\"ImageObject\",\"inLanguage\":\"de\",\"@id\":\"https:\\\/\\\/www.the-bey.com\\\/de\\\/ueber-uns\\\/#primaryimage\",\"url\":\"https:\\\/\\\/www.the-bey.com\\\/wp-content\\\/uploads\\\/2022\\\/02\\\/The-BEY.png\",\"contentUrl\":\"https:\\\/\\\/www.the-bey.com\\\/wp-content\\\/uploads\\\/2022\\\/02\\\/The-BEY.png\"},{\"@type\":\"BreadcrumbList\",\"@id\":\"https:\\\/\\\/www.the-bey.com\\\/de\\\/ueber-uns\\\/#breadcrumb\",\"itemListElement\":[{\"@type\":\"ListItem\",\"position\":1,\"name\":\"Home\",\"item\":\"https:\\\/\\\/www.the-bey.com\\\/de\\\/\"},{\"@type\":\"ListItem\",\"position\":2,\"name\":\"\u00dcber uns\"}]},{\"@type\":\"WebSite\",\"@id\":\"https:\\\/\\\/www.the-bey.com\\\/de\\\/#website\",\"url\":\"https:\\\/\\\/www.the-bey.com\\\/de\\\/\",\"name\":\"The Bey \u00ae\",\"description\":\"Professionelle Kosmetik f\u00fcr M\u00e4nner\",\"publisher\":{\"@id\":\"https:\\\/\\\/www.the-bey.com\\\/de\\\/#organization\"},\"potentialAction\":[{\"@type\":\"SearchAction\",\"target\":{\"@type\":\"EntryPoint\",\"urlTemplate\":\"https:\\\/\\\/www.the-bey.com\\\/de\\\/?s={search_term_string}\"},\"query-input\":{\"@type\":\"PropertyValueSpecification\",\"valueRequired\":true,\"valueName\":\"search_term_string\"}}],\"inLanguage\":\"de\"},{\"@type\":\"Organization\",\"@id\":\"https:\\\/\\\/www.the-bey.com\\\/de\\\/#organization\",\"name\":\"The Bey\",\"url\":\"https:\\\/\\\/www.the-bey.com\\\/de\\\/\",\"logo\":{\"@type\":\"ImageObject\",\"inLanguage\":\"de\",\"@id\":\"https:\\\/\\\/www.the-bey.com\\\/de\\\/#\\\/schema\\\/logo\\\/image\\\/\",\"url\":\"https:\\\/\\\/nuevo.the-bey.com\\\/wp-content\\\/uploads\\\/2022\\\/02\\\/The-BEY.png\",\"contentUrl\":\"https:\\\/\\\/nuevo.the-bey.com\\\/wp-content\\\/uploads\\\/2022\\\/02\\\/The-BEY.png\",\"width\":696,\"height\":1010,\"caption\":\"The Bey\"},\"image\":{\"@id\":\"https:\\\/\\\/www.the-bey.com\\\/de\\\/#\\\/schema\\\/logo\\\/image\\\/\"},\"sameAs\":[\"https:\\\/\\\/www.facebook.com\\\/TheBey.Spain\",\"https:\\\/\\\/www.instagram.com\\\/thebey_spain\\\/\"]}]}<\/script>\n<!-- \/ Yoast SEO Premium plugin. -->","yoast_head_json":{"title":"\u00dcber uns - The Bey \u00ae","description":"\u00dcber uns. Seit 1991 der Welt des Friseurs und Barbershops gewidmet. Aus dem S\u00fcden Spaniens wird THE BEY \u00ae\ufe0f geboren, eine Produktmarke f\u00fcr Haare und B\u00e4rte.","robots":{"index":"index","follow":"follow","max-snippet":"max-snippet:-1","max-image-preview":"max-image-preview:large","max-video-preview":"max-video-preview:-1"},"canonical":"https:\/\/www.the-bey.com\/de\/ueber-uns\/","og_locale":"de_DE","og_type":"article","og_title":"\u00dcber uns","og_description":"\u00dcber uns. Seit 1991 der Welt des Friseurs und Barbershops gewidmet. Aus dem S\u00fcden Spaniens wird THE BEY \u00ae\ufe0f geboren, eine Produktmarke f\u00fcr Haare und B\u00e4rte.","og_url":"https:\/\/www.the-bey.com\/de\/ueber-uns\/","og_site_name":"The Bey \u00ae","article_publisher":"https:\/\/www.facebook.com\/TheBey.Spain","article_modified_time":"2022-02-26T10:23:21+00:00","og_image":[{"url":"https:\/\/www.the-bey.com\/wp-content\/uploads\/2022\/02\/The-BEY.png","type":"","width":"","height":""}],"twitter_card":"summary_large_image","twitter_misc":{"Gesch\u00e4tzte Lesezeit":"1\u00a0Minute"},"schema":{"@context":"https:\/\/schema.org","@graph":[{"@type":"WebPage","@id":"https:\/\/www.the-bey.com\/de\/ueber-uns\/","url":"https:\/\/www.the-bey.com\/de\/ueber-uns\/","name":"\u00dcber uns - The Bey \u00ae","isPartOf":{"@id":"https:\/\/www.the-bey.com\/de\/#website"},"primaryImageOfPage":{"@id":"https:\/\/www.the-bey.com\/de\/ueber-uns\/#primaryimage"},"image":{"@id":"https:\/\/www.the-bey.com\/de\/ueber-uns\/#primaryimage"},"thumbnailUrl":"https:\/\/www.the-bey.com\/wp-content\/uploads\/2022\/02\/The-BEY.png","datePublished":"2022-02-14T15:03:50+00:00","dateModified":"2022-02-26T10:23:21+00:00","description":"\u00dcber uns. Seit 1991 der Welt des Friseurs und Barbershops gewidmet. Aus dem S\u00fcden Spaniens wird THE BEY \u00ae\ufe0f geboren, eine Produktmarke f\u00fcr Haare und B\u00e4rte.","breadcrumb":{"@id":"https:\/\/www.the-bey.com\/de\/ueber-uns\/#breadcrumb"},"inLanguage":"de","potentialAction":[{"@type":"ReadAction","target":["https:\/\/www.the-bey.com\/de\/ueber-uns\/"]}]},{"@type":"ImageObject","inLanguage":"de","@id":"https:\/\/www.the-bey.com\/de\/ueber-uns\/#primaryimage","url":"https:\/\/www.the-bey.com\/wp-content\/uploads\/2022\/02\/The-BEY.png","contentUrl":"https:\/\/www.the-bey.com\/wp-content\/uploads\/2022\/02\/The-BEY.png"},{"@type":"BreadcrumbList","@id":"https:\/\/www.the-bey.com\/de\/ueber-uns\/#breadcrumb","itemListElement":[{"@type":"ListItem","position":1,"name":"Home","item":"https:\/\/www.the-bey.com\/de\/"},{"@type":"ListItem","position":2,"name":"\u00dcber uns"}]},{"@type":"WebSite","@id":"https:\/\/www.the-bey.com\/de\/#website","url":"https:\/\/www.the-bey.com\/de\/","name":"The Bey \u00ae","description":"Professionelle Kosmetik f\u00fcr M\u00e4nner","publisher":{"@id":"https:\/\/www.the-bey.com\/de\/#organization"},"potentialAction":[{"@type":"SearchAction","target":{"@type":"EntryPoint","urlTemplate":"https:\/\/www.the-bey.com\/de\/?s={search_term_string}"},"query-input":{"@type":"PropertyValueSpecification","valueRequired":true,"valueName":"search_term_string"}}],"inLanguage":"de"},{"@type":"Organization","@id":"https:\/\/www.the-bey.com\/de\/#organization","name":"The Bey","url":"https:\/\/www.the-bey.com\/de\/","logo":{"@type":"ImageObject","inLanguage":"de","@id":"https:\/\/www.the-bey.com\/de\/#\/schema\/logo\/image\/","url":"https:\/\/nuevo.the-bey.com\/wp-content\/uploads\/2022\/02\/The-BEY.png","contentUrl":"https:\/\/nuevo.the-bey.com\/wp-content\/uploads\/2022\/02\/The-BEY.png","width":696,"height":1010,"caption":"The Bey"},"image":{"@id":"https:\/\/www.the-bey.com\/de\/#\/schema\/logo\/image\/"},"sameAs":["https:\/\/www.facebook.com\/TheBey.Spain","https:\/\/www.instagram.com\/thebey_spain\/"]}]}},"_links":{"self":[{"href":"https:\/\/www.the-bey.com\/de\/wp-json\/wp\/v2\/pages\/9930","targetHints":{"allow":["GET"]}}],"collection":[{"href":"https:\/\/www.the-bey.com\/de\/wp-json\/wp\/v2\/pages"}],"about":[{"href":"https:\/\/www.the-bey.com\/de\/wp-json\/wp\/v2\/types\/page"}],"author":[{"embeddable":true,"href":"https:\/\/www.the-bey.com\/de\/wp-json\/wp\/v2\/users\/1"}],"replies":[{"embeddable":true,"href":"https:\/\/www.the-bey.com\/de\/wp-json\/wp\/v2\/comments?post=9930"}],"version-history":[{"count":2,"href":"https:\/\/www.the-bey.com\/de\/wp-json\/wp\/v2\/pages\/9930\/revisions"}],"predecessor-version":[{"id":10650,"href":"https:\/\/www.the-bey.com\/de\/wp-json\/wp\/v2\/pages\/9930\/revisions\/10650"}],"wp:attachment":[{"href":"https:\/\/www.the-bey.com\/de\/wp-json\/wp\/v2\/media?parent=9930"}],"curies":[{"name":"wp","href":"https:\/\/api.w.org\/{rel}","templated":true}]}}