{"id":9892,"date":"2022-02-13T20:25:27","date_gmt":"2022-02-13T20:25:27","guid":{"rendered":"https:\/\/www.the-bey.com\/politique-de-confidentialite\/"},"modified":"2022-02-25T18:30:29","modified_gmt":"2022-02-25T18:30:29","slug":"politique-de-confidentialite","status":"publish","type":"page","link":"https:\/\/www.the-bey.com\/fr\/politique-de-confidentialite\/","title":{"rendered":"Politique de confidentialit\u00e9"},"content":{"rendered":"\n<p>Conform\u00e9ment au devoir d\u2019information contenu dans  <strong>L\u2019article 10<\/strong> de la  <strong>La loi 34\/2002, du 11 juillet, sur les services de la soci\u00e9t\u00e9 de l\u2019information et du commerce \u00e9lectronique<\/strong> est alors d\u00e9clar\u00e9e  <strong>The-bey.com<\/strong> en tant que site Web g\u00e9r\u00e9 par BeySanchez Import SL B72375876, avec adresse \u00e0 Camino de la Perdiz 2 B, Bater\u00eda Colorada, Chiclana de la Frontera 11130 Cadix.<\/p>\n\n\n\n<p><strong>Responsabilit\u00e9<\/strong><\/p>\n\n\n\n<p>Toute personne qui acc\u00e8de \u00e0 ce site Web assume le r\u00f4le <strong>d\u2019utilisateur<\/strong>, s\u2019engageant \u00e0 respecter et \u00e0 respecter strictement les dispositions \u00e9nonc\u00e9es dans les pr\u00e9sentes, ainsi que toute autre disposition l\u00e9gale qui pourrait \u00eatre applicable.<\/p>\n\n\n\n<p>Le fournisseur est exon\u00e9r\u00e9 de tout type de responsabilit\u00e9 d\u00e9coulant des informations publi\u00e9es sur son site Web et pour le manque de disponibilit\u00e9 (chutes) du site qui effectuera \u00e9galement des arr\u00eats p\u00e9riodiques pour la maintenance technique. En outre, le fournisseur se r\u00e9serve le droit de modifier tout type d\u2019informations pouvant appara\u00eetre sur le site Web, sans qu\u2019il y ait d\u2019obligation de pr\u00e9-informer ou d\u2019informer les utilisateurs de ces obligations, \u00e9tant comprises comme suffisantes avec la publication sur le site Web du fournisseur.<\/p>\n\n\n\n<p><strong>Protection des donn\u00e9es personnelles<\/strong><\/p>\n\n\n\n<p>Le fournisseur se conforme \u00e0 la r\u00e9glementation espagnole sur la protection des donn\u00e9es personnelles et garantit le plein respect des obligations \u00e9nonc\u00e9es dans le  <strong>Loi organique 15\/1999, du 13 d\u00e9cembre, sur la protection des donn\u00e9es personnelles (LOPD),<\/strong> le  <strong>D\u00e9cret royal 1720\/2007, du 21 d\u00e9cembre, qui approuve le r\u00e8glement pour le d\u00e9veloppement de la LOPD<\/strong> et d\u2019autres r\u00e8glements en vigueur \u00e0 tout moment, et assure l\u2019utilisation et le traitement corrects des donn\u00e9es personnelles de l\u2019utilisateur.<\/p>\n\n\n\n<p><strong>Politique antispam<\/strong><\/p>\n\n\n\n<p>Le fournisseur se d\u00e9clare totalement contre l\u2019envoi de communications commerciales non sollicit\u00e9es et tout type de comportement ou de manifestation connu sous le nom de \u00ab&nbsp;spam&nbsp;\u00bb, se d\u00e9clare \u00e9galement engag\u00e9 dans la lutte contre ce type de pratiques abusives.<\/p>\n\n\n\n<p>Par cons\u00e9quent, le fournisseur garantit \u00e0 l\u2019utilisateur <strong>qu\u2019en aucun cas<\/strong> les donn\u00e9es personnelles collect\u00e9es sur le site Web ne seront transf\u00e9r\u00e9es, partag\u00e9es, transf\u00e9r\u00e9es ou vendues \u00e0 des tiers.<\/p>\n\n\n\n<p>Pour les m\u00eames raisons, le processus d\u2019enregistrement ne devrait pas \u00eatre utilis\u00e9 pour enregistrer les adresses \u00e9lectroniques de personnes ext\u00e9rieures sans le consentement expr\u00e8s des personnes concern\u00e9es.  <strong>\n  <strong>The-bey.com<\/strong>\n<\/strong> met en \u0153uvre comme contre-mesure \u00e0 cette pratique une liste de diffusion \u00e0 double opt-in qui n\u00e9cessite une confirmation explicite par le titulaire du compte de messagerie indiqu\u00e9 comme adresse d\u2019abonnement, avant de recevoir des communications par courrier \u00e9lectronique.<\/p>\n\n\n\n<p>Dans le cas o\u00f9 un <strong>utilisateur<\/strong> re\u00e7oit encore des communications de ce site Web sans s\u2019\u00eatre inscrit, ou sans avoir donn\u00e9 son consentement expr\u00e8s \u00e0 une telle inscription, il peut se d\u00e9sabonner des liens fournis dans la communication elle-m\u00eame.<\/p>\n\n\n\n<p>En outre, l\u2019utilisateur peut nous contacter via le formulaire de contact maintenu sur le site Web, \u00e0 la fois pour communiquer ce qui s\u2019est pass\u00e9 et pour demander la suppression imm\u00e9diate de ses donn\u00e9es de notre syst\u00e8me.<\/p>\n\n\n\n<p><strong>H\u00e9bergement de donn\u00e9es<\/strong><\/p>\n\n\n\n<p>Pour des raisons techniques et de qualit\u00e9 de service, le <strong>\n  <strong>blog The-bey.com<\/strong>\n<\/strong> est h\u00e9berg\u00e9 sur les serveurs de l\u2019entreprise Banahosting.com (<a href=\"https:\/\/www.banahosting.com\/es\/politicas-privacidad.shtml\" target=\"_blank\" rel=\"noreferrer noopener\">politique de confidentialit\u00e9<\/a>). Pour des raisons similaires, la fourniture du service d\u2019abonnement par e-mail et l\u2019envoi de newsletter sont effectu\u00e9s \u00e0 partir des installations de la soci\u00e9t\u00e9 Banahosting.com (<a href=\"https:\/\/www.banahosting.com\/es\/politicas-privacidad.shtml\" target=\"_blank\" rel=\"noreferrer noopener\">politique de confidentialit\u00e9<\/a>). Les deux soci\u00e9t\u00e9s sont d\u2019origine am\u00e9ricaine avec des installations situ\u00e9es dans ce m\u00eame pays.<\/p>\n\n\n\n<p><strong>Google Analytics<\/strong><\/p>\n\n\n\n<p><a href=\"http:\/\/www.google.com\/intl\/es\/analytics\/\">\n  <strong>Google Analytics<\/strong>\n<\/a> est un service d\u2019analyse de donn\u00e9es statistiques fourni par la soci\u00e9t\u00e9 <strong>Google<\/strong> (<a href=\"http:\/\/www.google.com\/policies\/privacy\/\">politique de confidentialit\u00e9<\/a>). <strong>\n  <strong>The-bey.com<\/strong>\n<\/strong> utilise ce service pour suivre les statistiques d\u2019utilisation.<\/p>\n\n\n\n<p>Google Analytics utilise des cookies pour aider le site Web \u00e0 analyser les donn\u00e9es statistiques sur l\u2019utilisation du site Web (nombre total de visites, pages les plus consult\u00e9es, etc.). Les informations g\u00e9n\u00e9r\u00e9es par le cookie (y compris votre adresse IP) seront directement transmises et stock\u00e9es par Google sur des serveurs situ\u00e9s aux \u00c9tats-Unis.<\/p>\n\n\n\n<p>Google utilisera ces informations en notre nom dans le but de g\u00e9n\u00e9rer des informations statistiques sur l\u2019utilisation de <strong>\n  <strong>The-bey.com<\/strong>\n<\/strong>, Google n\u2019associera pas votre adresse IP \u00e0 d\u2019autres donn\u00e9es d\u00e9tenues par Google. Google peut transmettre ces informations \u00e0 des tiers lorsque la loi l\u2019exige ou lorsque ces tiers traitent les informations pour le compte de Google.<\/p>\n\n\n\n<p>Vous pouvez refuser le traitement de donn\u00e9es ou d\u2019informations en refusant l\u2019utilisation de cookies en s\u00e9lectionnant les param\u00e8tres appropri\u00e9s de votre navigateur, mais cela limitera toutes les fonctionnalit\u00e9s de <strong>\n  <strong>The-bey.com<\/strong>\n<\/strong> . En utilisant ce site Web, vous consentez au traitement des informations par Google de la mani\u00e8re et aux fins indiqu\u00e9es ci-dessus.<\/p>\n\n\n\n<p><strong>Google AdSense<\/strong><\/p>\n\n\n\n<p>Google, en tant que fournisseur partenaire de <strong>\n  <strong>The-bey.com<\/strong>\n<\/strong> , utilise des cookies pour diffuser des annonces sur ce site Web. L\u2019utilisateur peut d\u00e9sactiver l\u2019utilisation de ces cookies en suivant les instructions indiqu\u00e9es dans <a href=\"http:\/\/www.google.com\/policies\/privacy\/ads\/\">la section publicit\u00e9 de la politique de confidentialit\u00e9 de Google<\/a>.<\/p>\n\n\n\n<p>Google utilise des soci\u00e9t\u00e9s partenaires publicitaires pour diffuser des annonces lorsque vous visitez notre site Web. Ces soci\u00e9t\u00e9s peuvent utiliser les informations qu\u2019elles obtiennent de vos visites sur ce site et d\u2019autres sites Web (\u00e0 l\u2019exclusion de votre nom, adresse, adresse e-mail ou num\u00e9ro de t\u00e9l\u00e9phone) pour vous fournir des publicit\u00e9s sur des produits et services qui vous int\u00e9ressent. Si vous souhaitez en savoir plus sur cette pratique et conna\u00eetre vos options pour emp\u00eacher ces entreprises d\u2019utiliser ces informations, veuillez vous r\u00e9f\u00e9rer au lien ci-dessus.<\/p>\n\n\n\n<p><strong>Consentement au traitement des donn\u00e9es personnelles de l\u2019utilisateur<\/strong><\/p>\n\n\n\n<p>Dans le cadre de ses activit\u00e9s, <strong>\n  <strong>The-bey.com<\/strong>\n<\/strong> a la possibilit\u00e9 d\u2019enregistrer des utilisateurs pour envoyer des communications par e-mail, faire des commentaires sur le blog et envoyer des messages via le formulaire de contact.<\/p>\n\n\n\n<p>L\u2019utilisateur par les actes d\u2019abonnement au blog, en faisant des commentaires ou le formulaire de contact donnera son consentement expr\u00e8s au traitement du personnel fourni conform\u00e9ment aux dispositions de <strong>l\u2019article 6<\/strong> de la LOPD. L\u2019utilisateur peut exercer ses <strong>droits<\/strong> dans les conditions pr\u00e9vues \u00e0 <strong>l\u2019article 5<\/strong> de la LOPD.<\/p>\n\n\n\n<p>Ces m\u00eames actes impliquent \u00e9galement le consentement expr\u00e8s de l\u2019utilisateur au transfert international de donn\u00e9es qui se produit en termes de LOPD en raison de l\u2019emplacement physique des installations des fournisseurs susmentionn\u00e9s.<\/p>\n\n\n\n<p>Les donn\u00e9es personnelles demand\u00e9es dans le cadre de ces activit\u00e9s seront incorpor\u00e9es dans un fichier dont le but est la communication de nouvelles li\u00e9es au site Web de <strong>\n  <strong>The-bey.com<\/strong>\n<\/strong> agissant en tant que <strong>responsable du fichier<\/strong> du <strong>fournisseur<\/strong>. Les champs marqu\u00e9s d\u2019un ast\u00e9risque sont obligatoires, \u00e9tant impossibles \u00e0 r\u00e9aliser la finalit\u00e9 exprim\u00e9e si ces donn\u00e9es ne sont pas fournies. Vous \u00eates \u00e9galement inform\u00e9 de la possibilit\u00e9 d\u2019exercer les droits indiqu\u00e9s dans la section sur les droits de l\u2019utilisateur.<\/p>\n\n\n\n<p><strong>Droits de l\u2019utilisateur<\/strong><\/p>\n\n\n\n<p>Conform\u00e9ment aux dispositions de <strong>l\u2019article 5<\/strong> de la LOPD, l\u2019utilisateur est inform\u00e9 que le <strong>but exclusif<\/strong> de la base de donn\u00e9es d\u2019enregistrement est d\u2019envoyer des informations sur les nouvelles li\u00e9es au <strong>\n  <strong>site Web The-bey.com<\/strong>\n<\/strong> . Seuls les propri\u00e9taires auront acc\u00e8s \u00e0 leurs donn\u00e9es, et en aucun cas, ces donn\u00e9es ne seront transf\u00e9r\u00e9es, partag\u00e9es, transf\u00e9r\u00e9es ou vendues \u00e0 des tiers.<\/p>\n\n\n\n<p>Conform\u00e9ment aux dispositions de la LOPD, <strong>l\u2019utilisateur<\/strong> peut \u00e0 tout moment exercer ses <strong>droits d\u2019acc\u00e8s, de<\/strong> <strong>rectification<\/strong>, <strong>d\u2019annulation<\/strong> et <strong>d\u2019opposition<\/strong> au <strong>fournisseur<\/strong>.<\/p>\n\n\n\n<p>Pour faciliter l\u2019exercice de ces droits, un <strong>lien de demande de d\u00e9sabonnement<\/strong> est fourni dans toutes les communications qui entra\u00eeneront la <strong>suppression imm\u00e9diate<\/strong> des donn\u00e9es personnelles de l\u2019utilisateur de notre base de donn\u00e9es.<\/p>\n\n\n\n<p><strong>Propri\u00e9t\u00e9 intellectuelle et utilisation du contenu<\/strong><\/p>\n\n\n\n<p>Le site Web <strong>\n  <strong>The-bey.com<\/strong>\n<\/strong>, y compris, mais sans s\u2019y limiter, sa programmation, son \u00e9dition, sa compilation et d\u2019autres \u00e9l\u00e9ments n\u00e9cessaires \u00e0 son fonctionnement, les dessins, logos, textes et \/ ou graphiques sont la propri\u00e9t\u00e9 du fournisseur ou, le cas \u00e9ch\u00e9ant, disposent d\u2019une licence ou d\u2019une autorisation expresse des auteurs.<\/p>\n\n\n\n<p><strong>\n  <strong>The-bey.com<\/strong>\n<\/strong> accorde \u00e0 l\u2019utilisateur une licence <strong>Creative Commons Attribution-NonCommercial-ShareAlike<\/strong> 3.0 dont les termes <a href=\"http:\/\/creativecommons.org\/licenses\/by-nc-sa\/3.0\/es\/\">exacts peuvent \u00eatre consult\u00e9s dans ce lien<\/a>.<\/p>\n\n\n\n<figure class=\"wp-block-image\"><a href=\"https:\/\/soloelectronicos.files.wordpress.com\/2013\/08\/5_by-nc-sa.png\"><img decoding=\"async\" src=\"https:\/\/soloelectronicos.files.wordpress.com\/2013\/08\/5_by-nc-sa.png?w=232&amp;h=81\" alt=\"5_by-nc-sa\" class=\"wp-image-9425\"\/><\/a><\/figure>\n\n\n\n<p>Toute utilisation non pr\u00e9alablement autoris\u00e9e par le fournisseur sera consid\u00e9r\u00e9e comme une violation grave des droits de propri\u00e9t\u00e9 intellectuelle ou industrielle de l\u2019auteur.<\/p>\n\n\n\n<p>Les dessins, logos, textes et \/ ou graphiques en dehors du fournisseur et qui peuvent appara\u00eetre sur le site Web, appartiennent \u00e0 leurs propri\u00e9taires respectifs, \u00e9tant eux-m\u00eames responsables de toute controverse \u00e9ventuelle qui pourrait survenir \u00e0 leur sujet. Dans tous les cas, le fournisseur a l\u2019autorisation expresse et pr\u00e9alable de leur part.<\/p>\n\n\n\n<p>Pour faire tout type d\u2019observation concernant d\u2019\u00e9ventuelles violations des droits de propri\u00e9t\u00e9 intellectuelle ou industrielle, ainsi que de tout contenu du site Web, vous pouvez le faire via le formulaire de contact qui est maintenu sur le site Web.<\/p>\n\n\n\n<p><strong>Droit applicable et juridiction comp\u00e9tente<\/strong><\/p>\n\n\n\n<p>Pour la r\u00e9solution de tous les litiges ou questions li\u00e9s \u00e0 ce site Web ou aux activit\u00e9s qui y sont d\u00e9velopp\u00e9es, la l\u00e9gislation espagnole s\u2019appliquera, \u00e0 laquelle les parties se soumettent express\u00e9ment.<\/p>\n\n\n\n<h2 class=\"wp-block-heading\"><\/h2>\n","protected":false},"excerpt":{"rendered":"<p>Conform\u00e9ment au devoir d\u2019information contenu dans L\u2019article 10 de la La loi 34\/2002, du 11 juillet, sur les services de la soci\u00e9t\u00e9 de l\u2019information et du commerce \u00e9lectronique est alors d\u00e9clar\u00e9e The-bey.com en tant que site Web g\u00e9r\u00e9 par BeySanchez Import SL B72375876, avec adresse \u00e0 Camino de la Perdiz 2 B, Bater\u00eda Colorada, Chiclana &#8230; <a title=\"Politique de confidentialit\u00e9\" class=\"read-more\" href=\"https:\/\/www.the-bey.com\/fr\/politique-de-confidentialite\/\" aria-label=\"En savoir plus sur Politique de confidentialit\u00e9\">Read more<\/a><\/p>\n","protected":false},"author":1,"featured_media":0,"parent":0,"menu_order":0,"comment_status":"closed","ping_status":"closed","template":"","meta":{"footnotes":""},"class_list":["post-9892","page","type-page","status-publish"],"yoast_head":"<!-- This site is optimized with the Yoast SEO Premium plugin v26.2 (Yoast SEO v27.4) - https:\/\/yoast.com\/product\/yoast-seo-premium-wordpress\/ -->\n<title>Politique de confidentialit\u00e9 - The Bey \u00ae<\/title>\n<meta name=\"robots\" content=\"noindex, nofollow\" \/>\n<meta property=\"og:locale\" content=\"fr_FR\" \/>\n<meta property=\"og:type\" content=\"article\" \/>\n<meta property=\"og:title\" content=\"Politique de confidentialit\u00e9\" \/>\n<meta property=\"og:description\" content=\"Conform\u00e9ment au devoir d\u2019information contenu dans L\u2019article 10 de la La loi 34\/2002, du 11 juillet, sur les services de la soci\u00e9t\u00e9 de l\u2019information et du commerce \u00e9lectronique est alors d\u00e9clar\u00e9e The-bey.com en tant que site Web g\u00e9r\u00e9 par BeySanchez Import SL B72375876, avec adresse \u00e0 Camino de la Perdiz 2 B, Bater\u00eda Colorada, Chiclana ... Read more\" \/>\n<meta property=\"og:url\" content=\"https:\/\/www.the-bey.com\/fr\/politique-de-confidentialite\/\" \/>\n<meta property=\"og:site_name\" content=\"The Bey \u00ae\" \/>\n<meta property=\"article:publisher\" content=\"https:\/\/www.facebook.com\/TheBey.Spain\" \/>\n<meta property=\"article:modified_time\" content=\"2022-02-25T18:30:29+00:00\" \/>\n<meta property=\"og:image\" content=\"https:\/\/soloelectronicos.files.wordpress.com\/2013\/08\/5_by-nc-sa.png?w=232&amp;h=81\" \/>\n<meta name=\"twitter:card\" content=\"summary_large_image\" \/>\n<meta name=\"twitter:label1\" content=\"Dur\u00e9e de lecture estim\u00e9e\" \/>\n\t<meta name=\"twitter:data1\" content=\"7 minutes\" \/>\n<script type=\"application\/ld+json\" class=\"yoast-schema-graph\">{\"@context\":\"https:\\\/\\\/schema.org\",\"@graph\":[{\"@type\":\"WebPage\",\"@id\":\"https:\\\/\\\/www.the-bey.com\\\/fr\\\/politique-de-confidentialite\\\/\",\"url\":\"https:\\\/\\\/www.the-bey.com\\\/fr\\\/politique-de-confidentialite\\\/\",\"name\":\"Politique de confidentialit\u00e9 - The Bey \u00ae\",\"isPartOf\":{\"@id\":\"https:\\\/\\\/www.the-bey.com\\\/fr\\\/#website\"},\"primaryImageOfPage\":{\"@id\":\"https:\\\/\\\/www.the-bey.com\\\/fr\\\/politique-de-confidentialite\\\/#primaryimage\"},\"image\":{\"@id\":\"https:\\\/\\\/www.the-bey.com\\\/fr\\\/politique-de-confidentialite\\\/#primaryimage\"},\"thumbnailUrl\":\"https:\\\/\\\/soloelectronicos.files.wordpress.com\\\/2013\\\/08\\\/5_by-nc-sa.png?w=232&amp;h=81\",\"datePublished\":\"2022-02-13T20:25:27+00:00\",\"dateModified\":\"2022-02-25T18:30:29+00:00\",\"breadcrumb\":{\"@id\":\"https:\\\/\\\/www.the-bey.com\\\/fr\\\/politique-de-confidentialite\\\/#breadcrumb\"},\"inLanguage\":\"fr-FR\",\"potentialAction\":[{\"@type\":\"ReadAction\",\"target\":[\"https:\\\/\\\/www.the-bey.com\\\/fr\\\/politique-de-confidentialite\\\/\"]}]},{\"@type\":\"ImageObject\",\"inLanguage\":\"fr-FR\",\"@id\":\"https:\\\/\\\/www.the-bey.com\\\/fr\\\/politique-de-confidentialite\\\/#primaryimage\",\"url\":\"https:\\\/\\\/soloelectronicos.files.wordpress.com\\\/2013\\\/08\\\/5_by-nc-sa.png?w=232&amp;h=81\",\"contentUrl\":\"https:\\\/\\\/soloelectronicos.files.wordpress.com\\\/2013\\\/08\\\/5_by-nc-sa.png?w=232&amp;h=81\"},{\"@type\":\"BreadcrumbList\",\"@id\":\"https:\\\/\\\/www.the-bey.com\\\/fr\\\/politique-de-confidentialite\\\/#breadcrumb\",\"itemListElement\":[{\"@type\":\"ListItem\",\"position\":1,\"name\":\"Home\",\"item\":\"https:\\\/\\\/www.the-bey.com\\\/fr\\\/\"},{\"@type\":\"ListItem\",\"position\":2,\"name\":\"Politique de confidentialit\u00e9\"}]},{\"@type\":\"WebSite\",\"@id\":\"https:\\\/\\\/www.the-bey.com\\\/fr\\\/#website\",\"url\":\"https:\\\/\\\/www.the-bey.com\\\/fr\\\/\",\"name\":\"The Bey \u00ae\",\"description\":\"Cosm\u00e9tiques professionnels pour hommes\",\"publisher\":{\"@id\":\"https:\\\/\\\/www.the-bey.com\\\/fr\\\/#organization\"},\"potentialAction\":[{\"@type\":\"SearchAction\",\"target\":{\"@type\":\"EntryPoint\",\"urlTemplate\":\"https:\\\/\\\/www.the-bey.com\\\/fr\\\/?s={search_term_string}\"},\"query-input\":{\"@type\":\"PropertyValueSpecification\",\"valueRequired\":true,\"valueName\":\"search_term_string\"}}],\"inLanguage\":\"fr-FR\"},{\"@type\":\"Organization\",\"@id\":\"https:\\\/\\\/www.the-bey.com\\\/fr\\\/#organization\",\"name\":\"The Bey\",\"url\":\"https:\\\/\\\/www.the-bey.com\\\/fr\\\/\",\"logo\":{\"@type\":\"ImageObject\",\"inLanguage\":\"fr-FR\",\"@id\":\"https:\\\/\\\/www.the-bey.com\\\/fr\\\/#\\\/schema\\\/logo\\\/image\\\/\",\"url\":\"https:\\\/\\\/nuevo.the-bey.com\\\/wp-content\\\/uploads\\\/2022\\\/02\\\/The-BEY.png\",\"contentUrl\":\"https:\\\/\\\/nuevo.the-bey.com\\\/wp-content\\\/uploads\\\/2022\\\/02\\\/The-BEY.png\",\"width\":696,\"height\":1010,\"caption\":\"The Bey\"},\"image\":{\"@id\":\"https:\\\/\\\/www.the-bey.com\\\/fr\\\/#\\\/schema\\\/logo\\\/image\\\/\"},\"sameAs\":[\"https:\\\/\\\/www.facebook.com\\\/TheBey.Spain\",\"https:\\\/\\\/www.instagram.com\\\/thebey_spain\\\/\"]}]}<\/script>\n<!-- \/ Yoast SEO Premium plugin. -->","yoast_head_json":{"title":"Politique de confidentialit\u00e9 - The Bey \u00ae","robots":{"index":"noindex","follow":"nofollow"},"og_locale":"fr_FR","og_type":"article","og_title":"Politique de confidentialit\u00e9","og_description":"Conform\u00e9ment au devoir d\u2019information contenu dans L\u2019article 10 de la La loi 34\/2002, du 11 juillet, sur les services de la soci\u00e9t\u00e9 de l\u2019information et du commerce \u00e9lectronique est alors d\u00e9clar\u00e9e The-bey.com en tant que site Web g\u00e9r\u00e9 par BeySanchez Import SL B72375876, avec adresse \u00e0 Camino de la Perdiz 2 B, Bater\u00eda Colorada, Chiclana ... Read more","og_url":"https:\/\/www.the-bey.com\/fr\/politique-de-confidentialite\/","og_site_name":"The Bey \u00ae","article_publisher":"https:\/\/www.facebook.com\/TheBey.Spain","article_modified_time":"2022-02-25T18:30:29+00:00","og_image":[{"url":"https:\/\/soloelectronicos.files.wordpress.com\/2013\/08\/5_by-nc-sa.png?w=232&amp;h=81","type":"","width":"","height":""}],"twitter_card":"summary_large_image","twitter_misc":{"Dur\u00e9e de lecture estim\u00e9e":"7 minutes"},"schema":{"@context":"https:\/\/schema.org","@graph":[{"@type":"WebPage","@id":"https:\/\/www.the-bey.com\/fr\/politique-de-confidentialite\/","url":"https:\/\/www.the-bey.com\/fr\/politique-de-confidentialite\/","name":"Politique de confidentialit\u00e9 - The Bey \u00ae","isPartOf":{"@id":"https:\/\/www.the-bey.com\/fr\/#website"},"primaryImageOfPage":{"@id":"https:\/\/www.the-bey.com\/fr\/politique-de-confidentialite\/#primaryimage"},"image":{"@id":"https:\/\/www.the-bey.com\/fr\/politique-de-confidentialite\/#primaryimage"},"thumbnailUrl":"https:\/\/soloelectronicos.files.wordpress.com\/2013\/08\/5_by-nc-sa.png?w=232&amp;h=81","datePublished":"2022-02-13T20:25:27+00:00","dateModified":"2022-02-25T18:30:29+00:00","breadcrumb":{"@id":"https:\/\/www.the-bey.com\/fr\/politique-de-confidentialite\/#breadcrumb"},"inLanguage":"fr-FR","potentialAction":[{"@type":"ReadAction","target":["https:\/\/www.the-bey.com\/fr\/politique-de-confidentialite\/"]}]},{"@type":"ImageObject","inLanguage":"fr-FR","@id":"https:\/\/www.the-bey.com\/fr\/politique-de-confidentialite\/#primaryimage","url":"https:\/\/soloelectronicos.files.wordpress.com\/2013\/08\/5_by-nc-sa.png?w=232&amp;h=81","contentUrl":"https:\/\/soloelectronicos.files.wordpress.com\/2013\/08\/5_by-nc-sa.png?w=232&amp;h=81"},{"@type":"BreadcrumbList","@id":"https:\/\/www.the-bey.com\/fr\/politique-de-confidentialite\/#breadcrumb","itemListElement":[{"@type":"ListItem","position":1,"name":"Home","item":"https:\/\/www.the-bey.com\/fr\/"},{"@type":"ListItem","position":2,"name":"Politique de confidentialit\u00e9"}]},{"@type":"WebSite","@id":"https:\/\/www.the-bey.com\/fr\/#website","url":"https:\/\/www.the-bey.com\/fr\/","name":"The Bey \u00ae","description":"Cosm\u00e9tiques professionnels pour hommes","publisher":{"@id":"https:\/\/www.the-bey.com\/fr\/#organization"},"potentialAction":[{"@type":"SearchAction","target":{"@type":"EntryPoint","urlTemplate":"https:\/\/www.the-bey.com\/fr\/?s={search_term_string}"},"query-input":{"@type":"PropertyValueSpecification","valueRequired":true,"valueName":"search_term_string"}}],"inLanguage":"fr-FR"},{"@type":"Organization","@id":"https:\/\/www.the-bey.com\/fr\/#organization","name":"The Bey","url":"https:\/\/www.the-bey.com\/fr\/","logo":{"@type":"ImageObject","inLanguage":"fr-FR","@id":"https:\/\/www.the-bey.com\/fr\/#\/schema\/logo\/image\/","url":"https:\/\/nuevo.the-bey.com\/wp-content\/uploads\/2022\/02\/The-BEY.png","contentUrl":"https:\/\/nuevo.the-bey.com\/wp-content\/uploads\/2022\/02\/The-BEY.png","width":696,"height":1010,"caption":"The Bey"},"image":{"@id":"https:\/\/www.the-bey.com\/fr\/#\/schema\/logo\/image\/"},"sameAs":["https:\/\/www.facebook.com\/TheBey.Spain","https:\/\/www.instagram.com\/thebey_spain\/"]}]}},"_links":{"self":[{"href":"https:\/\/www.the-bey.com\/fr\/wp-json\/wp\/v2\/pages\/9892","targetHints":{"allow":["GET"]}}],"collection":[{"href":"https:\/\/www.the-bey.com\/fr\/wp-json\/wp\/v2\/pages"}],"about":[{"href":"https:\/\/www.the-bey.com\/fr\/wp-json\/wp\/v2\/types\/page"}],"author":[{"embeddable":true,"href":"https:\/\/www.the-bey.com\/fr\/wp-json\/wp\/v2\/users\/1"}],"replies":[{"embeddable":true,"href":"https:\/\/www.the-bey.com\/fr\/wp-json\/wp\/v2\/comments?post=9892"}],"version-history":[{"count":2,"href":"https:\/\/www.the-bey.com\/fr\/wp-json\/wp\/v2\/pages\/9892\/revisions"}],"predecessor-version":[{"id":10577,"href":"https:\/\/www.the-bey.com\/fr\/wp-json\/wp\/v2\/pages\/9892\/revisions\/10577"}],"wp:attachment":[{"href":"https:\/\/www.the-bey.com\/fr\/wp-json\/wp\/v2\/media?parent=9892"}],"curies":[{"name":"wp","href":"https:\/\/api.w.org\/{rel}","templated":true}]}}