{"id":9924,"date":"2022-02-14T14:59:04","date_gmt":"2022-02-14T14:59:04","guid":{"rendered":"https:\/\/www.the-bey.com\/vente-aux-professionnels\/"},"modified":"2022-02-25T18:31:29","modified_gmt":"2022-02-25T18:31:29","slug":"vente-aux-professionnels","status":"publish","type":"page","link":"https:\/\/www.the-bey.com\/fr\/vente-aux-professionnels\/","title":{"rendered":"Vente aux professionnels"},"content":{"rendered":"\n<h2 class=\"has-text-align-center wp-block-heading\" id=\"quieres-tener-nuestros-productos-en-tu-salon\">Voulez-vous avoir nos produits dans votre salon?<\/h2>\n\n\n\n<div class=\"wp-block-image\"><figure class=\"aligncenter size-full\"><img loading=\"lazy\" decoding=\"async\" width=\"600\" height=\"400\" src=\"https:\/\/www.the-bey.com\/wp-content\/uploads\/2022\/02\/119234219_809732999836725_3687895673252414384_n.jpg\" alt=\"logo le bey en vitrine\" class=\"wp-image-9707\" srcset=\"https:\/\/www.the-bey.com\/wp-content\/uploads\/2022\/02\/119234219_809732999836725_3687895673252414384_n.jpg 600w, https:\/\/www.the-bey.com\/wp-content\/uploads\/2022\/02\/119234219_809732999836725_3687895673252414384_n-300x200.jpg 300w\" sizes=\"auto, (max-width: 600px) 100vw, 600px\" \/><figcaption>Le Bey dans votre salon, coiffeur ou salon de coiffure.  <\/figcaption><\/figure><\/div>\n\n\n\n<p class=\"has-text-align-center\">Aussi simple que <a href=\"https:\/\/www.the-bey.com\/fr\/?page_id=9808\">de s\u2019inscrire<\/a> sur notre site Web  <\/p>\n\n\n\n<p class=\"has-text-align-center\"><strong>Ensuite, envoyez-nous votre mod\u00e8le 036 \u00e0 partir <a href=\"https:\/\/www.the-bey.com\/fr\/contact\/\">d\u2019ici<\/a><\/strong><\/p>\n\n\n\n<p class=\"has-text-align-center\"><strong>Au moment o\u00f9 nous le recevons, nous vous enregistrerons et vous pourrez voir les prix et acheter vos produits.  <\/strong><\/p>\n\n\n\n<p class=\"has-text-align-center\"><strong>Marge b\u00e9n\u00e9ficiaire importante<\/strong><\/p>\n\n\n\n<p class=\"has-text-align-center\"><strong>Produits exclusifs de haute qualit\u00e9<\/strong><\/p>\n\n\n\n<p class=\"has-text-align-center\"><strong>Voulez-vous essayer nos produits avant d\u2019acheter?<\/strong><\/p>\n\n\n\n<p class=\"has-text-align-center\"><strong>Envoyez-nous un e-mail \u00e0 partir <a href=\"https:\/\/www.the-bey.com\/fr\/contact\/\">d\u2019ici<\/a> et nous vous donnerons plus d\u2019informations.<\/strong><\/p>\n\n\n\n<div class=\"wp-block-image\"><figure class=\"aligncenter size-full\"><img loading=\"lazy\" decoding=\"async\" width=\"2560\" height=\"1920\" src=\"https:\/\/www.the-bey.com\/wp-content\/uploads\/2022\/02\/pack-productos-scaled.jpg\" alt=\"produits le bey\" class=\"wp-image-221\" srcset=\"https:\/\/www.the-bey.com\/wp-content\/uploads\/2022\/02\/pack-productos-scaled.jpg 2560w, https:\/\/www.the-bey.com\/wp-content\/uploads\/2022\/02\/pack-productos-scaled-694x521.jpg 694w, https:\/\/www.the-bey.com\/wp-content\/uploads\/2022\/02\/pack-productos-300x225.jpg 300w\" sizes=\"auto, (max-width: 2560px) 100vw, 2560px\" \/><\/figure><\/div>\n\n\n\n<h2 class=\"has-text-align-center wp-block-heading\" id=\"tambien-os-ofrecemos-comprar-nuestros-productos-desde-faire-no-lo-conoceis-portal-de-venta-de-productos-al-por-mayor-en-todo-el-mundo-visita-este-enlace\">Nous vous proposons \u00e9galement d\u2019acheter nos produits chez Faire, vous ne le savez pas? Portail de produits en gros dans le monde entier. Visitez ce lien<\/h2>\n\n\n\n<h3 class=\"has-text-align-center wp-block-heading\" id=\"https-thebey-faire-com\"><a href=\"https:\/\/thebey.faire.com\/\" target=\"_blank\" rel=\"noreferrer noopener\">https:\/\/thebey.faire.com<\/a><\/h3>\n\n\n\n<div class=\"wp-block-image\"><figure class=\"aligncenter size-full\"><a href=\"https:\/\/thebey.faire.com\" target=\"_blank\" rel=\"noopener\"><img loading=\"lazy\" decoding=\"async\" width=\"486\" height=\"670\" src=\"https:\/\/www.the-bey.com\/wp-content\/uploads\/2022\/02\/banner-faire.png\" alt=\"\" class=\"wp-image-9787\" srcset=\"https:\/\/www.the-bey.com\/wp-content\/uploads\/2022\/02\/banner-faire.png 486w, https:\/\/www.the-bey.com\/wp-content\/uploads\/2022\/02\/banner-faire-218x300.png 218w\" sizes=\"auto, (max-width: 486px) 100vw, 486px\" \/><\/a><\/figure><\/div>\n","protected":false},"excerpt":{"rendered":"<p>Voulez-vous avoir nos produits dans votre salon? Aussi simple que de s\u2019inscrire sur notre site Web Ensuite, envoyez-nous votre mod\u00e8le 036 \u00e0 partir d\u2019ici Au moment o\u00f9 nous le recevons, nous vous enregistrerons et vous pourrez voir les prix et acheter vos produits. Marge b\u00e9n\u00e9ficiaire importante Produits exclusifs de haute qualit\u00e9 Voulez-vous essayer nos produits &#8230; <a title=\"Vente aux professionnels\" class=\"read-more\" href=\"https:\/\/www.the-bey.com\/fr\/vente-aux-professionnels\/\" aria-label=\"En savoir plus sur Vente aux professionnels\">Read more<\/a><\/p>\n","protected":false},"author":1,"featured_media":0,"parent":0,"menu_order":0,"comment_status":"closed","ping_status":"closed","template":"","meta":{"footnotes":""},"class_list":["post-9924","page","type-page","status-publish"],"yoast_head":"<!-- This site is optimized with the Yoast SEO Premium plugin v26.2 (Yoast SEO v27.3) - https:\/\/yoast.com\/product\/yoast-seo-premium-wordpress\/ -->\n<title>Vente aux professionnels - The Bey \u00ae<\/title>\n<meta name=\"description\" content=\"Vente aux professionnels, nous proposons des prix de gros sur nos produits, avec une bonne marge b\u00e9n\u00e9ficiaire. Si vous \u00eates un contact barbier ou coiffeur\" \/>\n<meta name=\"robots\" content=\"index, follow, max-snippet:-1, max-image-preview:large, max-video-preview:-1\" \/>\n<link rel=\"canonical\" href=\"https:\/\/www.the-bey.com\/fr\/vente-aux-professionnels\/\" \/>\n<meta property=\"og:locale\" content=\"fr_FR\" \/>\n<meta property=\"og:type\" content=\"article\" \/>\n<meta property=\"og:title\" content=\"Vente aux professionnels\" \/>\n<meta property=\"og:description\" content=\"Vente aux professionnels, nous proposons des prix de gros sur nos produits, avec une bonne marge b\u00e9n\u00e9ficiaire. Si vous \u00eates un contact barbier ou coiffeur\" \/>\n<meta property=\"og:url\" content=\"https:\/\/www.the-bey.com\/fr\/vente-aux-professionnels\/\" \/>\n<meta property=\"og:site_name\" content=\"The Bey \u00ae\" \/>\n<meta property=\"article:publisher\" content=\"https:\/\/www.facebook.com\/TheBey.Spain\" \/>\n<meta property=\"article:modified_time\" content=\"2022-02-25T18:31:29+00:00\" \/>\n<meta property=\"og:image\" content=\"https:\/\/www.the-bey.com\/wp-content\/uploads\/2022\/02\/119234219_809732999836725_3687895673252414384_n.jpg\" \/>\n<meta name=\"twitter:card\" content=\"summary_large_image\" \/>\n<meta name=\"twitter:label1\" content=\"Dur\u00e9e de lecture estim\u00e9e\" \/>\n\t<meta name=\"twitter:data1\" content=\"2 minutes\" \/>\n<script type=\"application\/ld+json\" class=\"yoast-schema-graph\">{\"@context\":\"https:\\\/\\\/schema.org\",\"@graph\":[{\"@type\":\"WebPage\",\"@id\":\"https:\\\/\\\/www.the-bey.com\\\/fr\\\/vente-aux-professionnels\\\/\",\"url\":\"https:\\\/\\\/www.the-bey.com\\\/fr\\\/vente-aux-professionnels\\\/\",\"name\":\"Vente aux professionnels - The Bey \u00ae\",\"isPartOf\":{\"@id\":\"https:\\\/\\\/www.the-bey.com\\\/fr\\\/#website\"},\"primaryImageOfPage\":{\"@id\":\"https:\\\/\\\/www.the-bey.com\\\/fr\\\/vente-aux-professionnels\\\/#primaryimage\"},\"image\":{\"@id\":\"https:\\\/\\\/www.the-bey.com\\\/fr\\\/vente-aux-professionnels\\\/#primaryimage\"},\"thumbnailUrl\":\"https:\\\/\\\/www.the-bey.com\\\/wp-content\\\/uploads\\\/2022\\\/02\\\/119234219_809732999836725_3687895673252414384_n.jpg\",\"datePublished\":\"2022-02-14T14:59:04+00:00\",\"dateModified\":\"2022-02-25T18:31:29+00:00\",\"description\":\"Vente aux professionnels, nous proposons des prix de gros sur nos produits, avec une bonne marge b\u00e9n\u00e9ficiaire. Si vous \u00eates un contact barbier ou coiffeur\",\"breadcrumb\":{\"@id\":\"https:\\\/\\\/www.the-bey.com\\\/fr\\\/vente-aux-professionnels\\\/#breadcrumb\"},\"inLanguage\":\"fr-FR\",\"potentialAction\":[{\"@type\":\"ReadAction\",\"target\":[\"https:\\\/\\\/www.the-bey.com\\\/fr\\\/vente-aux-professionnels\\\/\"]}]},{\"@type\":\"ImageObject\",\"inLanguage\":\"fr-FR\",\"@id\":\"https:\\\/\\\/www.the-bey.com\\\/fr\\\/vente-aux-professionnels\\\/#primaryimage\",\"url\":\"https:\\\/\\\/www.the-bey.com\\\/wp-content\\\/uploads\\\/2022\\\/02\\\/119234219_809732999836725_3687895673252414384_n.jpg\",\"contentUrl\":\"https:\\\/\\\/www.the-bey.com\\\/wp-content\\\/uploads\\\/2022\\\/02\\\/119234219_809732999836725_3687895673252414384_n.jpg\"},{\"@type\":\"BreadcrumbList\",\"@id\":\"https:\\\/\\\/www.the-bey.com\\\/fr\\\/vente-aux-professionnels\\\/#breadcrumb\",\"itemListElement\":[{\"@type\":\"ListItem\",\"position\":1,\"name\":\"Home\",\"item\":\"https:\\\/\\\/www.the-bey.com\\\/fr\\\/\"},{\"@type\":\"ListItem\",\"position\":2,\"name\":\"Vente aux professionnels\"}]},{\"@type\":\"WebSite\",\"@id\":\"https:\\\/\\\/www.the-bey.com\\\/fr\\\/#website\",\"url\":\"https:\\\/\\\/www.the-bey.com\\\/fr\\\/\",\"name\":\"The Bey \u00ae\",\"description\":\"Cosm\u00e9tiques professionnels pour hommes\",\"publisher\":{\"@id\":\"https:\\\/\\\/www.the-bey.com\\\/fr\\\/#organization\"},\"potentialAction\":[{\"@type\":\"SearchAction\",\"target\":{\"@type\":\"EntryPoint\",\"urlTemplate\":\"https:\\\/\\\/www.the-bey.com\\\/fr\\\/?s={search_term_string}\"},\"query-input\":{\"@type\":\"PropertyValueSpecification\",\"valueRequired\":true,\"valueName\":\"search_term_string\"}}],\"inLanguage\":\"fr-FR\"},{\"@type\":\"Organization\",\"@id\":\"https:\\\/\\\/www.the-bey.com\\\/fr\\\/#organization\",\"name\":\"The Bey\",\"url\":\"https:\\\/\\\/www.the-bey.com\\\/fr\\\/\",\"logo\":{\"@type\":\"ImageObject\",\"inLanguage\":\"fr-FR\",\"@id\":\"https:\\\/\\\/www.the-bey.com\\\/fr\\\/#\\\/schema\\\/logo\\\/image\\\/\",\"url\":\"https:\\\/\\\/nuevo.the-bey.com\\\/wp-content\\\/uploads\\\/2022\\\/02\\\/The-BEY.png\",\"contentUrl\":\"https:\\\/\\\/nuevo.the-bey.com\\\/wp-content\\\/uploads\\\/2022\\\/02\\\/The-BEY.png\",\"width\":696,\"height\":1010,\"caption\":\"The Bey\"},\"image\":{\"@id\":\"https:\\\/\\\/www.the-bey.com\\\/fr\\\/#\\\/schema\\\/logo\\\/image\\\/\"},\"sameAs\":[\"https:\\\/\\\/www.facebook.com\\\/TheBey.Spain\",\"https:\\\/\\\/www.instagram.com\\\/thebey_spain\\\/\"]}]}<\/script>\n<!-- \/ Yoast SEO Premium plugin. -->","yoast_head_json":{"title":"Vente aux professionnels - The Bey \u00ae","description":"Vente aux professionnels, nous proposons des prix de gros sur nos produits, avec une bonne marge b\u00e9n\u00e9ficiaire. Si vous \u00eates un contact barbier ou coiffeur","robots":{"index":"index","follow":"follow","max-snippet":"max-snippet:-1","max-image-preview":"max-image-preview:large","max-video-preview":"max-video-preview:-1"},"canonical":"https:\/\/www.the-bey.com\/fr\/vente-aux-professionnels\/","og_locale":"fr_FR","og_type":"article","og_title":"Vente aux professionnels","og_description":"Vente aux professionnels, nous proposons des prix de gros sur nos produits, avec une bonne marge b\u00e9n\u00e9ficiaire. Si vous \u00eates un contact barbier ou coiffeur","og_url":"https:\/\/www.the-bey.com\/fr\/vente-aux-professionnels\/","og_site_name":"The Bey \u00ae","article_publisher":"https:\/\/www.facebook.com\/TheBey.Spain","article_modified_time":"2022-02-25T18:31:29+00:00","og_image":[{"url":"https:\/\/www.the-bey.com\/wp-content\/uploads\/2022\/02\/119234219_809732999836725_3687895673252414384_n.jpg","type":"","width":"","height":""}],"twitter_card":"summary_large_image","twitter_misc":{"Dur\u00e9e de lecture estim\u00e9e":"2 minutes"},"schema":{"@context":"https:\/\/schema.org","@graph":[{"@type":"WebPage","@id":"https:\/\/www.the-bey.com\/fr\/vente-aux-professionnels\/","url":"https:\/\/www.the-bey.com\/fr\/vente-aux-professionnels\/","name":"Vente aux professionnels - The Bey \u00ae","isPartOf":{"@id":"https:\/\/www.the-bey.com\/fr\/#website"},"primaryImageOfPage":{"@id":"https:\/\/www.the-bey.com\/fr\/vente-aux-professionnels\/#primaryimage"},"image":{"@id":"https:\/\/www.the-bey.com\/fr\/vente-aux-professionnels\/#primaryimage"},"thumbnailUrl":"https:\/\/www.the-bey.com\/wp-content\/uploads\/2022\/02\/119234219_809732999836725_3687895673252414384_n.jpg","datePublished":"2022-02-14T14:59:04+00:00","dateModified":"2022-02-25T18:31:29+00:00","description":"Vente aux professionnels, nous proposons des prix de gros sur nos produits, avec une bonne marge b\u00e9n\u00e9ficiaire. Si vous \u00eates un contact barbier ou coiffeur","breadcrumb":{"@id":"https:\/\/www.the-bey.com\/fr\/vente-aux-professionnels\/#breadcrumb"},"inLanguage":"fr-FR","potentialAction":[{"@type":"ReadAction","target":["https:\/\/www.the-bey.com\/fr\/vente-aux-professionnels\/"]}]},{"@type":"ImageObject","inLanguage":"fr-FR","@id":"https:\/\/www.the-bey.com\/fr\/vente-aux-professionnels\/#primaryimage","url":"https:\/\/www.the-bey.com\/wp-content\/uploads\/2022\/02\/119234219_809732999836725_3687895673252414384_n.jpg","contentUrl":"https:\/\/www.the-bey.com\/wp-content\/uploads\/2022\/02\/119234219_809732999836725_3687895673252414384_n.jpg"},{"@type":"BreadcrumbList","@id":"https:\/\/www.the-bey.com\/fr\/vente-aux-professionnels\/#breadcrumb","itemListElement":[{"@type":"ListItem","position":1,"name":"Home","item":"https:\/\/www.the-bey.com\/fr\/"},{"@type":"ListItem","position":2,"name":"Vente aux professionnels"}]},{"@type":"WebSite","@id":"https:\/\/www.the-bey.com\/fr\/#website","url":"https:\/\/www.the-bey.com\/fr\/","name":"The Bey \u00ae","description":"Cosm\u00e9tiques professionnels pour hommes","publisher":{"@id":"https:\/\/www.the-bey.com\/fr\/#organization"},"potentialAction":[{"@type":"SearchAction","target":{"@type":"EntryPoint","urlTemplate":"https:\/\/www.the-bey.com\/fr\/?s={search_term_string}"},"query-input":{"@type":"PropertyValueSpecification","valueRequired":true,"valueName":"search_term_string"}}],"inLanguage":"fr-FR"},{"@type":"Organization","@id":"https:\/\/www.the-bey.com\/fr\/#organization","name":"The Bey","url":"https:\/\/www.the-bey.com\/fr\/","logo":{"@type":"ImageObject","inLanguage":"fr-FR","@id":"https:\/\/www.the-bey.com\/fr\/#\/schema\/logo\/image\/","url":"https:\/\/nuevo.the-bey.com\/wp-content\/uploads\/2022\/02\/The-BEY.png","contentUrl":"https:\/\/nuevo.the-bey.com\/wp-content\/uploads\/2022\/02\/The-BEY.png","width":696,"height":1010,"caption":"The Bey"},"image":{"@id":"https:\/\/www.the-bey.com\/fr\/#\/schema\/logo\/image\/"},"sameAs":["https:\/\/www.facebook.com\/TheBey.Spain","https:\/\/www.instagram.com\/thebey_spain\/"]}]}},"_links":{"self":[{"href":"https:\/\/www.the-bey.com\/fr\/wp-json\/wp\/v2\/pages\/9924","targetHints":{"allow":["GET"]}}],"collection":[{"href":"https:\/\/www.the-bey.com\/fr\/wp-json\/wp\/v2\/pages"}],"about":[{"href":"https:\/\/www.the-bey.com\/fr\/wp-json\/wp\/v2\/types\/page"}],"author":[{"embeddable":true,"href":"https:\/\/www.the-bey.com\/fr\/wp-json\/wp\/v2\/users\/1"}],"replies":[{"embeddable":true,"href":"https:\/\/www.the-bey.com\/fr\/wp-json\/wp\/v2\/comments?post=9924"}],"version-history":[{"count":2,"href":"https:\/\/www.the-bey.com\/fr\/wp-json\/wp\/v2\/pages\/9924\/revisions"}],"predecessor-version":[{"id":10580,"href":"https:\/\/www.the-bey.com\/fr\/wp-json\/wp\/v2\/pages\/9924\/revisions\/10580"}],"wp:attachment":[{"href":"https:\/\/www.the-bey.com\/fr\/wp-json\/wp\/v2\/media?parent=9924"}],"curies":[{"name":"wp","href":"https:\/\/api.w.org\/{rel}","templated":true}]}}