{"id":9952,"date":"2022-02-21T21:54:22","date_gmt":"2022-02-21T21:54:22","guid":{"rendered":"https:\/\/www.the-bey.com\/conditions-generales-de-vente\/"},"modified":"2022-02-25T18:23:14","modified_gmt":"2022-02-25T18:23:14","slug":"conditions-de-vente","status":"publish","type":"page","link":"https:\/\/www.the-bey.com\/fr\/conditions-de-vente\/","title":{"rendered":"Conditions G\u00e9n\u00e9rales de Vente"},"content":{"rendered":"\n<p>BeySanchez Import S.L boutique en ligne de produits cosm\u00e9tiques dans le secteur de la coiffure et du salon de coiffure. Elle livre ses commandes dans toute la p\u00e9ninsule et les \u00eeles Bal\u00e9ares et les \u00eeles Canaries, Ceuta et Melilla, par l\u2019interm\u00e9diaire d\u2019une soci\u00e9t\u00e9 de logistique.<\/p>\n\n\n\n<p>Les livraisons ne peuvent pas \u00eatre effectu\u00e9es \u00e0 une bo\u00eete postale. Pour voir les prix des produits ainsi que passer des commandes via le web, il est n\u00e9cessaire de s\u2019inscrire, pour les prix des Professionnels afin de prouver leur statut de PROFESSIONNEL. Une fois qu\u2019une commande est en pr\u00e9paration pour \u00eatre exp\u00e9di\u00e9e, elle ne peut pas \u00eatre annul\u00e9e. Le d\u00e9lai de livraison d\u2019une commande d\u00e9pend de l\u2019article ou des articles command\u00e9s. Dans chaque produit, vous trouverez les informations du d\u00e9lai de livraison estim\u00e9, en tenant compte des jours ouvrables et en commen\u00e7ant \u00e0 compter \u00e0 partir du jour o\u00f9 l\u2019entr\u00e9e a \u00e9t\u00e9 confirm\u00e9e.<\/p>\n\n\n\n<h3 class=\"wp-block-heading\" id=\"h-venta-a-profesionales-y-particulares\">Vente aux professionnels et aux particuliers<\/h3>\n\n\n\n<p><strong>Nous travaillons avec des clients professionnels. Si vous \u00eates priv\u00e9, vous pouvez acheter ici ou dans nos points de vente officiels.<\/strong><\/p>\n\n\n\n<h3 class=\"wp-block-heading\" id=\"h-entrega\">Livraison<\/h3>\n\n\n\n<p>Nous mettons tout en \u0153uvre pour nous assurer que les informations figurant sur ce site sont correctes et \u00e0 jour. Nous ne sommes pas responsables des erreurs ou omissions qui peuvent exister sur la page. \u00c0 l\u2019exception d\u2019un \u00e9ventuel accord particulier; Les produits sur la page seront servis dans les d\u00e9lais convenus \u00e0 compter du jour du paiement ou de l\u2019acceptation de la commande par BeySanchez Import S.L en cas de paiement diff\u00e9r\u00e9. Les d\u00e9lais de livraison d\u00e9pendront de la disponibilit\u00e9 de chaque produit; Cependant, notre engagement est que la livraison ait lieu dans les plus brefs d\u00e9lais, ne d\u00e9passant jamais 30 jours et comptant \u00e0 partir de la prochaine \u00e0 la confirmation de la commande. Le client sera inform\u00e9 rapidement en cas de retard dans la livraison du produit achet\u00e9.<\/p>\n\n\n\n<h3 class=\"wp-block-heading\" id=\"h-costos-de-envio\">Frais d\u2019exp\u00e9dition<\/h3>\n\n\n\n<p>Les envois de BeySanchez Import S.L sont effectu\u00e9s par courrier express via CORREOS EXPRESS et Correos Espa\u00f1a. Le co\u00fbt de l\u2019exp\u00e9dition avec courrier 24h pour toute la p\u00e9ninsule variera en fonction du poids de l\u2019envoi. Consultez-nous pour le reste des domaines et des services.<\/p>\n\n\n\n<p>Cependant, nous vous rappelons que :<\/p>\n\n\n\n<p>Pour les particuliers, les commandes dans la p\u00e9ninsule et les \u00eeles Bal\u00e9ares ne sont pas factur\u00e9es de frais d\u2019exp\u00e9dition. Par l\u2019agence Correos<\/p>\n\n\n\n<p>**IMPORTANT :<\/p>\n\n\n\n<p>SI NOUS EXP\u00c9DIONS AUX \u00ceLES CANARIES, CEUTA, MELILLA OU D\u2019AUTRES PAYS (en dehors de l\u2019Europe). PAIEMENT DES FRAIS CORRESPONDANTS ET 14\u20ac DE DUA<\/p>\n\n\n\n<p><strong>Pour l\u2019exp\u00e9dition en Europe sont faites par Correos et UPS avec des prix \u00e0 partir de 9,90 \u20ac<\/strong><\/p>\n\n\n\n<h3 class=\"wp-block-heading\" id=\"h-metodos-de-pago\">Modes de paiement<\/h3>\n\n\n\n<p>Paiement par virement bancaire<\/p>\n\n\n\n<p>Dans le cas o\u00f9 vous choisissez ce mode de paiement, les d\u00e9tails du compte courant o\u00f9 vous devez effectuer le d\u00e9p\u00f4t correspondant sont:<\/p>\n\n\n\n<p>Entit\u00e9: BBVA<\/p>\n\n\n\n<p>Titulaire du compte: BeySanchez Import S.L<\/p>\n\n\n\n<p>Num\u00e9ro de compte:<\/p>\n\n\n\n<p>Il est tr\u00e8s important que vous indiquiez le num\u00e9ro de commande et votre nom dans les commentaires de transfert. Si vous ne le faites pas, le processus peut prendre plusieurs jours.<\/p>\n\n\n\n<p>Paiement par PayPal ou carte de cr\u00e9dit &#8211; Paiement s\u00e9curis\u00e9<\/p>\n\n\n\n<p>Pour effectuer le paiement, \u00e0 partir du magasin The-Bey.Com nous acc\u00e9dons via un lien vers la page de PayPal o\u00f9 les donn\u00e9es de l\u2019achat que le client souhaite effectuer sont pr\u00e9sent\u00e9es et o\u00f9 les donn\u00e9es n\u00e9cessaires sont demand\u00e9es pour effectuer le paiement.<\/p>\n\n\n\n<h3 class=\"wp-block-heading\" id=\"h-politica-de-devolucion\">Politique de retour<\/h3>\n\n\n\n<p>Si votre commande a subi un dommage d\u00fb \u00e0 une d\u00e9faillance de transport ou a une d\u00e9faillance de fabrication, vous disposez d\u2019un d\u00e9lai de 7 jours calendaires pour la retourner, \u00e0 compter du jour de la livraison de la commande. Cependant, pour que la r\u00e9clamation soit effective, vous devez nous contacter dans les 24 heures pour nous informer de l\u2019incident.<\/p>\n\n\n\n<p>En raison des r\u00e9glementations sanitaires et du type de nos produits, nous ne pouvons pas accepter le retour de tout produit destin\u00e9 \u00e0 un usage corporel, ainsi que des produits pr\u00e9sentant des d\u00e9fauts caus\u00e9s par n\u00e9gligence ou mauvaise utilisation, sans emballage ou avec manque d\u2019accessoires, le cas \u00e9ch\u00e9ant.<\/p>\n\n\n\n<p>Les frais d\u2019exp\u00e9dition du retour seront \u00e0 la charge du client, \u00e0 condition que la raison du retour ne soit pas due \u00e0 une erreur de la part de BeySanchez Import SL, auquel cas notre soci\u00e9t\u00e9 de transport collectera les frais de port pay\u00e9s (le transporteur v\u00e9rifiera que la marchandise retourn\u00e9e est en parfait \u00e9tat,  inutilis\u00e9 et dans son emballage d\u2019origine). En cas de retour, le produit retourn\u00e9 sera \u00e9chang\u00e9 contre un article ayant la m\u00eame r\u00e9f\u00e9rence.<\/p>\n","protected":false},"excerpt":{"rendered":"<p>BeySanchez Import S.L boutique en ligne de produits cosm\u00e9tiques dans le secteur de la coiffure et du salon de coiffure. Elle livre ses commandes dans toute la p\u00e9ninsule et les \u00eeles Bal\u00e9ares et les \u00eeles Canaries, Ceuta et Melilla, par l\u2019interm\u00e9diaire d\u2019une soci\u00e9t\u00e9 de logistique. Les livraisons ne peuvent pas \u00eatre effectu\u00e9es \u00e0 une bo\u00eete &#8230; <a title=\"Conditions G\u00e9n\u00e9rales de Vente\" class=\"read-more\" href=\"https:\/\/www.the-bey.com\/fr\/conditions-de-vente\/\" aria-label=\"En savoir plus sur Conditions G\u00e9n\u00e9rales de Vente\">Read more<\/a><\/p>\n","protected":false},"author":1,"featured_media":0,"parent":0,"menu_order":0,"comment_status":"closed","ping_status":"closed","template":"","meta":{"footnotes":""},"class_list":["post-9952","page","type-page","status-publish"],"yoast_head":"<!-- This site is optimized with the Yoast SEO Premium plugin v26.2 (Yoast SEO v27.4) - https:\/\/yoast.com\/product\/yoast-seo-premium-wordpress\/ -->\n<title>Conditions G\u00e9n\u00e9rales de Vente - The Bey \u00ae<\/title>\n<meta name=\"robots\" content=\"index, follow, max-snippet:-1, max-image-preview:large, max-video-preview:-1\" \/>\n<link rel=\"canonical\" href=\"https:\/\/www.the-bey.com\/fr\/conditions-de-vente\/\" \/>\n<meta property=\"og:locale\" content=\"fr_FR\" \/>\n<meta property=\"og:type\" content=\"article\" \/>\n<meta property=\"og:title\" content=\"Conditions G\u00e9n\u00e9rales de Vente\" \/>\n<meta property=\"og:description\" content=\"BeySanchez Import S.L boutique en ligne de produits cosm\u00e9tiques dans le secteur de la coiffure et du salon de coiffure. Elle livre ses commandes dans toute la p\u00e9ninsule et les \u00eeles Bal\u00e9ares et les \u00eeles Canaries, Ceuta et Melilla, par l\u2019interm\u00e9diaire d\u2019une soci\u00e9t\u00e9 de logistique. Les livraisons ne peuvent pas \u00eatre effectu\u00e9es \u00e0 une bo\u00eete ... Read more\" \/>\n<meta property=\"og:url\" content=\"https:\/\/www.the-bey.com\/fr\/conditions-de-vente\/\" \/>\n<meta property=\"og:site_name\" content=\"The Bey \u00ae\" \/>\n<meta property=\"article:publisher\" content=\"https:\/\/www.facebook.com\/TheBey.Spain\" \/>\n<meta property=\"article:modified_time\" content=\"2022-02-25T18:23:14+00:00\" \/>\n<meta name=\"twitter:card\" content=\"summary_large_image\" \/>\n<meta name=\"twitter:label1\" content=\"Dur\u00e9e de lecture estim\u00e9e\" \/>\n\t<meta name=\"twitter:data1\" content=\"4 minutes\" \/>\n<script type=\"application\/ld+json\" class=\"yoast-schema-graph\">{\"@context\":\"https:\\\/\\\/schema.org\",\"@graph\":[{\"@type\":\"WebPage\",\"@id\":\"https:\\\/\\\/www.the-bey.com\\\/fr\\\/conditions-de-vente\\\/\",\"url\":\"https:\\\/\\\/www.the-bey.com\\\/fr\\\/conditions-de-vente\\\/\",\"name\":\"Conditions G\u00e9n\u00e9rales de Vente - The Bey \u00ae\",\"isPartOf\":{\"@id\":\"https:\\\/\\\/www.the-bey.com\\\/fr\\\/#website\"},\"datePublished\":\"2022-02-21T21:54:22+00:00\",\"dateModified\":\"2022-02-25T18:23:14+00:00\",\"breadcrumb\":{\"@id\":\"https:\\\/\\\/www.the-bey.com\\\/fr\\\/conditions-de-vente\\\/#breadcrumb\"},\"inLanguage\":\"fr-FR\",\"potentialAction\":[{\"@type\":\"ReadAction\",\"target\":[\"https:\\\/\\\/www.the-bey.com\\\/fr\\\/conditions-de-vente\\\/\"]}]},{\"@type\":\"BreadcrumbList\",\"@id\":\"https:\\\/\\\/www.the-bey.com\\\/fr\\\/conditions-de-vente\\\/#breadcrumb\",\"itemListElement\":[{\"@type\":\"ListItem\",\"position\":1,\"name\":\"Home\",\"item\":\"https:\\\/\\\/www.the-bey.com\\\/fr\\\/\"},{\"@type\":\"ListItem\",\"position\":2,\"name\":\"Conditions G\u00e9n\u00e9rales de Vente\"}]},{\"@type\":\"WebSite\",\"@id\":\"https:\\\/\\\/www.the-bey.com\\\/fr\\\/#website\",\"url\":\"https:\\\/\\\/www.the-bey.com\\\/fr\\\/\",\"name\":\"The Bey \u00ae\",\"description\":\"Cosm\u00e9tiques professionnels pour hommes\",\"publisher\":{\"@id\":\"https:\\\/\\\/www.the-bey.com\\\/fr\\\/#organization\"},\"potentialAction\":[{\"@type\":\"SearchAction\",\"target\":{\"@type\":\"EntryPoint\",\"urlTemplate\":\"https:\\\/\\\/www.the-bey.com\\\/fr\\\/?s={search_term_string}\"},\"query-input\":{\"@type\":\"PropertyValueSpecification\",\"valueRequired\":true,\"valueName\":\"search_term_string\"}}],\"inLanguage\":\"fr-FR\"},{\"@type\":\"Organization\",\"@id\":\"https:\\\/\\\/www.the-bey.com\\\/fr\\\/#organization\",\"name\":\"The Bey\",\"url\":\"https:\\\/\\\/www.the-bey.com\\\/fr\\\/\",\"logo\":{\"@type\":\"ImageObject\",\"inLanguage\":\"fr-FR\",\"@id\":\"https:\\\/\\\/www.the-bey.com\\\/fr\\\/#\\\/schema\\\/logo\\\/image\\\/\",\"url\":\"https:\\\/\\\/nuevo.the-bey.com\\\/wp-content\\\/uploads\\\/2022\\\/02\\\/The-BEY.png\",\"contentUrl\":\"https:\\\/\\\/nuevo.the-bey.com\\\/wp-content\\\/uploads\\\/2022\\\/02\\\/The-BEY.png\",\"width\":696,\"height\":1010,\"caption\":\"The Bey\"},\"image\":{\"@id\":\"https:\\\/\\\/www.the-bey.com\\\/fr\\\/#\\\/schema\\\/logo\\\/image\\\/\"},\"sameAs\":[\"https:\\\/\\\/www.facebook.com\\\/TheBey.Spain\",\"https:\\\/\\\/www.instagram.com\\\/thebey_spain\\\/\"]}]}<\/script>\n<!-- \/ Yoast SEO Premium plugin. -->","yoast_head_json":{"title":"Conditions G\u00e9n\u00e9rales de Vente - The Bey \u00ae","robots":{"index":"index","follow":"follow","max-snippet":"max-snippet:-1","max-image-preview":"max-image-preview:large","max-video-preview":"max-video-preview:-1"},"canonical":"https:\/\/www.the-bey.com\/fr\/conditions-de-vente\/","og_locale":"fr_FR","og_type":"article","og_title":"Conditions G\u00e9n\u00e9rales de Vente","og_description":"BeySanchez Import S.L boutique en ligne de produits cosm\u00e9tiques dans le secteur de la coiffure et du salon de coiffure. Elle livre ses commandes dans toute la p\u00e9ninsule et les \u00eeles Bal\u00e9ares et les \u00eeles Canaries, Ceuta et Melilla, par l\u2019interm\u00e9diaire d\u2019une soci\u00e9t\u00e9 de logistique. Les livraisons ne peuvent pas \u00eatre effectu\u00e9es \u00e0 une bo\u00eete ... Read more","og_url":"https:\/\/www.the-bey.com\/fr\/conditions-de-vente\/","og_site_name":"The Bey \u00ae","article_publisher":"https:\/\/www.facebook.com\/TheBey.Spain","article_modified_time":"2022-02-25T18:23:14+00:00","twitter_card":"summary_large_image","twitter_misc":{"Dur\u00e9e de lecture estim\u00e9e":"4 minutes"},"schema":{"@context":"https:\/\/schema.org","@graph":[{"@type":"WebPage","@id":"https:\/\/www.the-bey.com\/fr\/conditions-de-vente\/","url":"https:\/\/www.the-bey.com\/fr\/conditions-de-vente\/","name":"Conditions G\u00e9n\u00e9rales de Vente - The Bey \u00ae","isPartOf":{"@id":"https:\/\/www.the-bey.com\/fr\/#website"},"datePublished":"2022-02-21T21:54:22+00:00","dateModified":"2022-02-25T18:23:14+00:00","breadcrumb":{"@id":"https:\/\/www.the-bey.com\/fr\/conditions-de-vente\/#breadcrumb"},"inLanguage":"fr-FR","potentialAction":[{"@type":"ReadAction","target":["https:\/\/www.the-bey.com\/fr\/conditions-de-vente\/"]}]},{"@type":"BreadcrumbList","@id":"https:\/\/www.the-bey.com\/fr\/conditions-de-vente\/#breadcrumb","itemListElement":[{"@type":"ListItem","position":1,"name":"Home","item":"https:\/\/www.the-bey.com\/fr\/"},{"@type":"ListItem","position":2,"name":"Conditions G\u00e9n\u00e9rales de Vente"}]},{"@type":"WebSite","@id":"https:\/\/www.the-bey.com\/fr\/#website","url":"https:\/\/www.the-bey.com\/fr\/","name":"The Bey \u00ae","description":"Cosm\u00e9tiques professionnels pour hommes","publisher":{"@id":"https:\/\/www.the-bey.com\/fr\/#organization"},"potentialAction":[{"@type":"SearchAction","target":{"@type":"EntryPoint","urlTemplate":"https:\/\/www.the-bey.com\/fr\/?s={search_term_string}"},"query-input":{"@type":"PropertyValueSpecification","valueRequired":true,"valueName":"search_term_string"}}],"inLanguage":"fr-FR"},{"@type":"Organization","@id":"https:\/\/www.the-bey.com\/fr\/#organization","name":"The Bey","url":"https:\/\/www.the-bey.com\/fr\/","logo":{"@type":"ImageObject","inLanguage":"fr-FR","@id":"https:\/\/www.the-bey.com\/fr\/#\/schema\/logo\/image\/","url":"https:\/\/nuevo.the-bey.com\/wp-content\/uploads\/2022\/02\/The-BEY.png","contentUrl":"https:\/\/nuevo.the-bey.com\/wp-content\/uploads\/2022\/02\/The-BEY.png","width":696,"height":1010,"caption":"The Bey"},"image":{"@id":"https:\/\/www.the-bey.com\/fr\/#\/schema\/logo\/image\/"},"sameAs":["https:\/\/www.facebook.com\/TheBey.Spain","https:\/\/www.instagram.com\/thebey_spain\/"]}]}},"_links":{"self":[{"href":"https:\/\/www.the-bey.com\/fr\/wp-json\/wp\/v2\/pages\/9952","targetHints":{"allow":["GET"]}}],"collection":[{"href":"https:\/\/www.the-bey.com\/fr\/wp-json\/wp\/v2\/pages"}],"about":[{"href":"https:\/\/www.the-bey.com\/fr\/wp-json\/wp\/v2\/types\/page"}],"author":[{"embeddable":true,"href":"https:\/\/www.the-bey.com\/fr\/wp-json\/wp\/v2\/users\/1"}],"replies":[{"embeddable":true,"href":"https:\/\/www.the-bey.com\/fr\/wp-json\/wp\/v2\/comments?post=9952"}],"version-history":[{"count":3,"href":"https:\/\/www.the-bey.com\/fr\/wp-json\/wp\/v2\/pages\/9952\/revisions"}],"predecessor-version":[{"id":10567,"href":"https:\/\/www.the-bey.com\/fr\/wp-json\/wp\/v2\/pages\/9952\/revisions\/10567"}],"wp:attachment":[{"href":"https:\/\/www.the-bey.com\/fr\/wp-json\/wp\/v2\/media?parent=9952"}],"curies":[{"name":"wp","href":"https:\/\/api.w.org\/{rel}","templated":true}]}}