{"id":9912,"date":"2022-02-14T14:59:04","date_gmt":"2022-02-14T14:59:04","guid":{"rendered":"https:\/\/www.the-bey.com\/venda-a-profissionais\/"},"modified":"2022-02-27T10:48:59","modified_gmt":"2022-02-27T10:48:59","slug":"venda-a-profissionais","status":"publish","type":"page","link":"https:\/\/www.the-bey.com\/pt-pt\/venda-a-profissionais\/","title":{"rendered":"Venda a Profissionais"},"content":{"rendered":"\n<h2 class=\"has-text-align-center wp-block-heading\" id=\"quieres-tener-nuestros-productos-en-tu-salon\">Quer ter os nossos produtos na sua sala de estar?<\/h2>\n\n\n\n<div class=\"wp-block-image\"><figure class=\"aligncenter size-full\"><img loading=\"lazy\" decoding=\"async\" width=\"600\" height=\"400\" src=\"https:\/\/www.the-bey.com\/wp-content\/uploads\/2022\/02\/119234219_809732999836725_3687895673252414384_n.jpg\" alt=\"logotipo do bey em showcase\" class=\"wp-image-9710\" srcset=\"https:\/\/www.the-bey.com\/wp-content\/uploads\/2022\/02\/119234219_809732999836725_3687895673252414384_n.jpg 600w, https:\/\/www.the-bey.com\/wp-content\/uploads\/2022\/02\/119234219_809732999836725_3687895673252414384_n-300x200.jpg 300w\" sizes=\"auto, (max-width: 600px) 100vw, 600px\" \/><figcaption>O Bey no seu sal\u00e3o, cabeleireiro ou barbearia.  <\/figcaption><\/figure><\/div>\n\n\n\n<p class=\"has-text-align-center\">T\u00e3o simples como <a href=\"https:\/\/www.the-bey.com\/pt-pt\/?page_id=9795\">registar-se<\/a> no nosso site  <\/p>\n\n\n\n<p class=\"has-text-align-center\"><strong>Ent\u00e3o, envie-nos o seu modelo 036 <a href=\"https:\/\/www.the-bey.com\/pt-pt\/contato\/\">a partir daqui<\/a><\/strong><\/p>\n\n\n\n<p class=\"has-text-align-center\"><strong>No momento em que o recebermos, registaremos voc\u00ea e poder\u00e1 ver os pre\u00e7os e comprar os seus produtos.  <\/strong><\/p>\n\n\n\n<p class=\"has-text-align-center\"><strong>Grande margem de lucro<\/strong><\/p>\n\n\n\n<p class=\"has-text-align-center\"><strong>Produtos exclusivos de alta qualidade<\/strong><\/p>\n\n\n\n<p class=\"has-text-align-center\"><strong>Deseja experimentar os nossos produtos antes de comprar?<\/strong><\/p>\n\n\n\n<p class=\"has-text-align-center\"><strong>Envie-nos um e-mail <a href=\"https:\/\/www.the-bey.com\/pt-pt\/contato\/\">a partir daqui<\/a> e daremos mais informa\u00e7\u00f5es.<\/strong><\/p>\n\n\n\n<div class=\"wp-block-image\"><figure class=\"aligncenter size-full\"><img loading=\"lazy\" decoding=\"async\" width=\"2560\" height=\"1920\" src=\"https:\/\/www.the-bey.com\/wp-content\/uploads\/2022\/02\/pack-productos-scaled.jpg\" alt=\"produtos o bey\" class=\"wp-image-221\" srcset=\"https:\/\/www.the-bey.com\/wp-content\/uploads\/2022\/02\/pack-productos-scaled.jpg 2560w, https:\/\/www.the-bey.com\/wp-content\/uploads\/2022\/02\/pack-productos-scaled-694x521.jpg 694w, https:\/\/www.the-bey.com\/wp-content\/uploads\/2022\/02\/pack-productos-300x225.jpg 300w\" sizes=\"auto, (max-width: 2560px) 100vw, 2560px\" \/><\/figure><\/div>\n\n\n\n<h2 class=\"has-text-align-center wp-block-heading\" id=\"tambien-os-ofrecemos-comprar-nuestros-productos-desde-faire-no-lo-conoceis-portal-de-venta-de-productos-al-por-mayor-en-todo-el-mundo-visita-este-enlace\">Tamb\u00e9m lhe oferecemos para comprar os nossos produtos \u00e0 Faire, n\u00e3o o sabemos? Portal de produtos por grosso em todo o mundo. Visite este link<\/h2>\n\n\n\n<h3 class=\"has-text-align-center wp-block-heading\" id=\"https-thebey-faire-com\"><a href=\"https:\/\/thebey.faire.com\/\" target=\"_blank\" rel=\"noreferrer noopener\">https:\/\/thebey.faire.com<\/a><\/h3>\n\n\n\n<div class=\"wp-block-image\"><figure class=\"aligncenter size-full\"><a href=\"https:\/\/thebey.faire.com\" target=\"_blank\" rel=\"noopener\"><img loading=\"lazy\" decoding=\"async\" width=\"486\" height=\"670\" src=\"https:\/\/www.the-bey.com\/wp-content\/uploads\/2022\/02\/banner-faire.png\" alt=\"\" class=\"wp-image-9790\" srcset=\"https:\/\/www.the-bey.com\/wp-content\/uploads\/2022\/02\/banner-faire.png 486w, https:\/\/www.the-bey.com\/wp-content\/uploads\/2022\/02\/banner-faire-218x300.png 218w\" sizes=\"auto, (max-width: 486px) 100vw, 486px\" \/><\/a><\/figure><\/div>\n","protected":false},"excerpt":{"rendered":"<p>Quer ter os nossos produtos na sua sala de estar? T\u00e3o simples como registar-se no nosso site Ent\u00e3o, envie-nos o seu modelo 036 a partir daqui No momento em que o recebermos, registaremos voc\u00ea e poder\u00e1 ver os pre\u00e7os e comprar os seus produtos. Grande margem de lucro Produtos exclusivos de alta qualidade Deseja experimentar &#8230; <a title=\"Venda a Profissionais\" class=\"read-more\" href=\"https:\/\/www.the-bey.com\/pt-pt\/venda-a-profissionais\/\" aria-label=\"Leia mais sobre Venda a Profissionais\">Read more<\/a><\/p>\n","protected":false},"author":1,"featured_media":0,"parent":0,"menu_order":0,"comment_status":"closed","ping_status":"closed","template":"","meta":{"footnotes":""},"class_list":["post-9912","page","type-page","status-publish"],"yoast_head":"<!-- This site is optimized with the Yoast SEO Premium plugin v26.2 (Yoast SEO v27.3) - https:\/\/yoast.com\/product\/yoast-seo-premium-wordpress\/ -->\n<title>Venda a Profissionais - The Bey \u00ae<\/title>\n<meta name=\"description\" content=\"Venda a profissionais, oferecemos pre\u00e7os grossistas nos nossos produtos, com uma boa margem de lucro. Se voc\u00ea \u00e9 um barbeiro ou um contato de cabeleireiro\" \/>\n<meta name=\"robots\" content=\"index, follow, max-snippet:-1, max-image-preview:large, max-video-preview:-1\" \/>\n<link rel=\"canonical\" href=\"https:\/\/www.the-bey.com\/pt-pt\/venda-a-profissionais\/\" \/>\n<meta property=\"og:locale\" content=\"pt_PT\" \/>\n<meta property=\"og:type\" content=\"article\" \/>\n<meta property=\"og:title\" content=\"Venda a Profissionais\" \/>\n<meta property=\"og:description\" content=\"Venda a profissionais, oferecemos pre\u00e7os grossistas nos nossos produtos, com uma boa margem de lucro. Se voc\u00ea \u00e9 um barbeiro ou um contato de cabeleireiro\" \/>\n<meta property=\"og:url\" content=\"https:\/\/www.the-bey.com\/pt-pt\/venda-a-profissionais\/\" \/>\n<meta property=\"og:site_name\" content=\"The Bey \u00ae\" \/>\n<meta property=\"article:publisher\" content=\"https:\/\/www.facebook.com\/TheBey.Spain\" \/>\n<meta property=\"article:modified_time\" content=\"2022-02-27T10:48:59+00:00\" \/>\n<meta property=\"og:image\" content=\"https:\/\/www.the-bey.com\/wp-content\/uploads\/2022\/02\/119234219_809732999836725_3687895673252414384_n.jpg\" \/>\n<meta name=\"twitter:card\" content=\"summary_large_image\" \/>\n<meta name=\"twitter:label1\" content=\"Tempo estimado de leitura\" \/>\n\t<meta name=\"twitter:data1\" content=\"2 minutos\" \/>\n<script type=\"application\/ld+json\" class=\"yoast-schema-graph\">{\"@context\":\"https:\\\/\\\/schema.org\",\"@graph\":[{\"@type\":\"WebPage\",\"@id\":\"https:\\\/\\\/www.the-bey.com\\\/pt-pt\\\/venda-a-profissionais\\\/\",\"url\":\"https:\\\/\\\/www.the-bey.com\\\/pt-pt\\\/venda-a-profissionais\\\/\",\"name\":\"Venda a Profissionais - The Bey \u00ae\",\"isPartOf\":{\"@id\":\"https:\\\/\\\/www.the-bey.com\\\/pt-pt\\\/#website\"},\"primaryImageOfPage\":{\"@id\":\"https:\\\/\\\/www.the-bey.com\\\/pt-pt\\\/venda-a-profissionais\\\/#primaryimage\"},\"image\":{\"@id\":\"https:\\\/\\\/www.the-bey.com\\\/pt-pt\\\/venda-a-profissionais\\\/#primaryimage\"},\"thumbnailUrl\":\"https:\\\/\\\/www.the-bey.com\\\/wp-content\\\/uploads\\\/2022\\\/02\\\/119234219_809732999836725_3687895673252414384_n.jpg\",\"datePublished\":\"2022-02-14T14:59:04+00:00\",\"dateModified\":\"2022-02-27T10:48:59+00:00\",\"description\":\"Venda a profissionais, oferecemos pre\u00e7os grossistas nos nossos produtos, com uma boa margem de lucro. Se voc\u00ea \u00e9 um barbeiro ou um contato de cabeleireiro\",\"breadcrumb\":{\"@id\":\"https:\\\/\\\/www.the-bey.com\\\/pt-pt\\\/venda-a-profissionais\\\/#breadcrumb\"},\"inLanguage\":\"pt-PT\",\"potentialAction\":[{\"@type\":\"ReadAction\",\"target\":[\"https:\\\/\\\/www.the-bey.com\\\/pt-pt\\\/venda-a-profissionais\\\/\"]}]},{\"@type\":\"ImageObject\",\"inLanguage\":\"pt-PT\",\"@id\":\"https:\\\/\\\/www.the-bey.com\\\/pt-pt\\\/venda-a-profissionais\\\/#primaryimage\",\"url\":\"https:\\\/\\\/www.the-bey.com\\\/wp-content\\\/uploads\\\/2022\\\/02\\\/119234219_809732999836725_3687895673252414384_n.jpg\",\"contentUrl\":\"https:\\\/\\\/www.the-bey.com\\\/wp-content\\\/uploads\\\/2022\\\/02\\\/119234219_809732999836725_3687895673252414384_n.jpg\"},{\"@type\":\"BreadcrumbList\",\"@id\":\"https:\\\/\\\/www.the-bey.com\\\/pt-pt\\\/venda-a-profissionais\\\/#breadcrumb\",\"itemListElement\":[{\"@type\":\"ListItem\",\"position\":1,\"name\":\"Home\",\"item\":\"https:\\\/\\\/www.the-bey.com\\\/pt-pt\\\/\"},{\"@type\":\"ListItem\",\"position\":2,\"name\":\"Venda a Profissionais\"}]},{\"@type\":\"WebSite\",\"@id\":\"https:\\\/\\\/www.the-bey.com\\\/pt-pt\\\/#website\",\"url\":\"https:\\\/\\\/www.the-bey.com\\\/pt-pt\\\/\",\"name\":\"The Bey \u00ae\",\"description\":\"Cosm\u00e9ticos profissionais para homem\",\"publisher\":{\"@id\":\"https:\\\/\\\/www.the-bey.com\\\/pt-pt\\\/#organization\"},\"potentialAction\":[{\"@type\":\"SearchAction\",\"target\":{\"@type\":\"EntryPoint\",\"urlTemplate\":\"https:\\\/\\\/www.the-bey.com\\\/pt-pt\\\/?s={search_term_string}\"},\"query-input\":{\"@type\":\"PropertyValueSpecification\",\"valueRequired\":true,\"valueName\":\"search_term_string\"}}],\"inLanguage\":\"pt-PT\"},{\"@type\":\"Organization\",\"@id\":\"https:\\\/\\\/www.the-bey.com\\\/pt-pt\\\/#organization\",\"name\":\"The Bey\",\"url\":\"https:\\\/\\\/www.the-bey.com\\\/pt-pt\\\/\",\"logo\":{\"@type\":\"ImageObject\",\"inLanguage\":\"pt-PT\",\"@id\":\"https:\\\/\\\/www.the-bey.com\\\/pt-pt\\\/#\\\/schema\\\/logo\\\/image\\\/\",\"url\":\"https:\\\/\\\/nuevo.the-bey.com\\\/wp-content\\\/uploads\\\/2022\\\/02\\\/The-BEY.png\",\"contentUrl\":\"https:\\\/\\\/nuevo.the-bey.com\\\/wp-content\\\/uploads\\\/2022\\\/02\\\/The-BEY.png\",\"width\":696,\"height\":1010,\"caption\":\"The Bey\"},\"image\":{\"@id\":\"https:\\\/\\\/www.the-bey.com\\\/pt-pt\\\/#\\\/schema\\\/logo\\\/image\\\/\"},\"sameAs\":[\"https:\\\/\\\/www.facebook.com\\\/TheBey.Spain\",\"https:\\\/\\\/www.instagram.com\\\/thebey_spain\\\/\"]}]}<\/script>\n<!-- \/ Yoast SEO Premium plugin. -->","yoast_head_json":{"title":"Venda a Profissionais - The Bey \u00ae","description":"Venda a profissionais, oferecemos pre\u00e7os grossistas nos nossos produtos, com uma boa margem de lucro. Se voc\u00ea \u00e9 um barbeiro ou um contato de cabeleireiro","robots":{"index":"index","follow":"follow","max-snippet":"max-snippet:-1","max-image-preview":"max-image-preview:large","max-video-preview":"max-video-preview:-1"},"canonical":"https:\/\/www.the-bey.com\/pt-pt\/venda-a-profissionais\/","og_locale":"pt_PT","og_type":"article","og_title":"Venda a Profissionais","og_description":"Venda a profissionais, oferecemos pre\u00e7os grossistas nos nossos produtos, com uma boa margem de lucro. Se voc\u00ea \u00e9 um barbeiro ou um contato de cabeleireiro","og_url":"https:\/\/www.the-bey.com\/pt-pt\/venda-a-profissionais\/","og_site_name":"The Bey \u00ae","article_publisher":"https:\/\/www.facebook.com\/TheBey.Spain","article_modified_time":"2022-02-27T10:48:59+00:00","og_image":[{"url":"https:\/\/www.the-bey.com\/wp-content\/uploads\/2022\/02\/119234219_809732999836725_3687895673252414384_n.jpg","type":"","width":"","height":""}],"twitter_card":"summary_large_image","twitter_misc":{"Tempo estimado de leitura":"2 minutos"},"schema":{"@context":"https:\/\/schema.org","@graph":[{"@type":"WebPage","@id":"https:\/\/www.the-bey.com\/pt-pt\/venda-a-profissionais\/","url":"https:\/\/www.the-bey.com\/pt-pt\/venda-a-profissionais\/","name":"Venda a Profissionais - The Bey \u00ae","isPartOf":{"@id":"https:\/\/www.the-bey.com\/pt-pt\/#website"},"primaryImageOfPage":{"@id":"https:\/\/www.the-bey.com\/pt-pt\/venda-a-profissionais\/#primaryimage"},"image":{"@id":"https:\/\/www.the-bey.com\/pt-pt\/venda-a-profissionais\/#primaryimage"},"thumbnailUrl":"https:\/\/www.the-bey.com\/wp-content\/uploads\/2022\/02\/119234219_809732999836725_3687895673252414384_n.jpg","datePublished":"2022-02-14T14:59:04+00:00","dateModified":"2022-02-27T10:48:59+00:00","description":"Venda a profissionais, oferecemos pre\u00e7os grossistas nos nossos produtos, com uma boa margem de lucro. Se voc\u00ea \u00e9 um barbeiro ou um contato de cabeleireiro","breadcrumb":{"@id":"https:\/\/www.the-bey.com\/pt-pt\/venda-a-profissionais\/#breadcrumb"},"inLanguage":"pt-PT","potentialAction":[{"@type":"ReadAction","target":["https:\/\/www.the-bey.com\/pt-pt\/venda-a-profissionais\/"]}]},{"@type":"ImageObject","inLanguage":"pt-PT","@id":"https:\/\/www.the-bey.com\/pt-pt\/venda-a-profissionais\/#primaryimage","url":"https:\/\/www.the-bey.com\/wp-content\/uploads\/2022\/02\/119234219_809732999836725_3687895673252414384_n.jpg","contentUrl":"https:\/\/www.the-bey.com\/wp-content\/uploads\/2022\/02\/119234219_809732999836725_3687895673252414384_n.jpg"},{"@type":"BreadcrumbList","@id":"https:\/\/www.the-bey.com\/pt-pt\/venda-a-profissionais\/#breadcrumb","itemListElement":[{"@type":"ListItem","position":1,"name":"Home","item":"https:\/\/www.the-bey.com\/pt-pt\/"},{"@type":"ListItem","position":2,"name":"Venda a Profissionais"}]},{"@type":"WebSite","@id":"https:\/\/www.the-bey.com\/pt-pt\/#website","url":"https:\/\/www.the-bey.com\/pt-pt\/","name":"The Bey \u00ae","description":"Cosm\u00e9ticos profissionais para homem","publisher":{"@id":"https:\/\/www.the-bey.com\/pt-pt\/#organization"},"potentialAction":[{"@type":"SearchAction","target":{"@type":"EntryPoint","urlTemplate":"https:\/\/www.the-bey.com\/pt-pt\/?s={search_term_string}"},"query-input":{"@type":"PropertyValueSpecification","valueRequired":true,"valueName":"search_term_string"}}],"inLanguage":"pt-PT"},{"@type":"Organization","@id":"https:\/\/www.the-bey.com\/pt-pt\/#organization","name":"The Bey","url":"https:\/\/www.the-bey.com\/pt-pt\/","logo":{"@type":"ImageObject","inLanguage":"pt-PT","@id":"https:\/\/www.the-bey.com\/pt-pt\/#\/schema\/logo\/image\/","url":"https:\/\/nuevo.the-bey.com\/wp-content\/uploads\/2022\/02\/The-BEY.png","contentUrl":"https:\/\/nuevo.the-bey.com\/wp-content\/uploads\/2022\/02\/The-BEY.png","width":696,"height":1010,"caption":"The Bey"},"image":{"@id":"https:\/\/www.the-bey.com\/pt-pt\/#\/schema\/logo\/image\/"},"sameAs":["https:\/\/www.facebook.com\/TheBey.Spain","https:\/\/www.instagram.com\/thebey_spain\/"]}]}},"_links":{"self":[{"href":"https:\/\/www.the-bey.com\/pt-pt\/wp-json\/wp\/v2\/pages\/9912","targetHints":{"allow":["GET"]}}],"collection":[{"href":"https:\/\/www.the-bey.com\/pt-pt\/wp-json\/wp\/v2\/pages"}],"about":[{"href":"https:\/\/www.the-bey.com\/pt-pt\/wp-json\/wp\/v2\/types\/page"}],"author":[{"embeddable":true,"href":"https:\/\/www.the-bey.com\/pt-pt\/wp-json\/wp\/v2\/users\/1"}],"replies":[{"embeddable":true,"href":"https:\/\/www.the-bey.com\/pt-pt\/wp-json\/wp\/v2\/comments?post=9912"}],"version-history":[{"count":2,"href":"https:\/\/www.the-bey.com\/pt-pt\/wp-json\/wp\/v2\/pages\/9912\/revisions"}],"predecessor-version":[{"id":10679,"href":"https:\/\/www.the-bey.com\/pt-pt\/wp-json\/wp\/v2\/pages\/9912\/revisions\/10679"}],"wp:attachment":[{"href":"https:\/\/www.the-bey.com\/pt-pt\/wp-json\/wp\/v2\/media?parent=9912"}],"curies":[{"name":"wp","href":"https:\/\/api.w.org\/{rel}","templated":true}]}}